{"id":2479,"date":"2024-08-06T18:45:04","date_gmt":"2024-08-06T18:45:04","guid":{"rendered":"https:\/\/artzendecor.art\/?page_id=2479"},"modified":"2025-01-23T18:50:34","modified_gmt":"2025-01-23T18:50:34","slug":"faqs","status":"publish","type":"page","link":"https:\/\/artzendecor.art\/cs\/faqs\/","title":{"rendered":"Nej\u010dast\u011bj\u0161\u00ed dotazy"},"content":{"rendered":"","protected":false},"excerpt":{"rendered":"","protected":false},"author":1,"featured_media":0,"parent":0,"menu_order":0,"comment_status":"closed","ping_status":"closed","template":"","meta":{"_acf_changed":false,"footnotes":""},"class_list":["post-2479","page","type-page","status-publish","hentry"],"acf":[],"_links":{"self":[{"href":"https:\/\/artzendecor.art\/cs\/wp-json\/wp\/v2\/pages\/2479","targetHints":{"allow":["GET"]}}],"collection":[{"href":"https:\/\/artzendecor.art\/cs\/wp-json\/wp\/v2\/pages"}],"about":[{"href":"https:\/\/artzendecor.art\/cs\/wp-json\/wp\/v2\/types\/page"}],"author":[{"embeddable":true,"href":"https:\/\/artzendecor.art\/cs\/wp-json\/wp\/v2\/users\/1"}],"replies":[{"embeddable":true,"href":"https:\/\/artzendecor.art\/cs\/wp-json\/wp\/v2\/comments?post=2479"}],"version-history":[{"count":0,"href":"https:\/\/artzendecor.art\/cs\/wp-json\/wp\/v2\/pages\/2479\/revisions"}],"wp:attachment":[{"href":"https:\/\/artzendecor.art\/cs\/wp-json\/wp\/v2\/media?parent=2479"}],"curies":[{"name":"wp","href":"https:\/\/api.w.org\/{rel}","templated":true}]}}