{"id":10260,"date":"2025-01-31T23:38:22","date_gmt":"2025-01-31T23:38:22","guid":{"rendered":"https:\/\/artzendecor.art\/?post_type=product&#038;p=10260"},"modified":"2025-02-21T15:13:03","modified_gmt":"2025-02-21T15:13:03","slug":"eternal-love-handcrafted-soy-wax-candle","status":"publish","type":"product","link":"https:\/\/artzendecor.art\/cs\/collections\/eternal-love-handcrafted-soy-wax-candle\/","title":{"rendered":"V\u011b\u010dn\u00e1 l\u00e1ska \u2013 Ru\u010dn\u011b vyroben\u00e1 sv\u00ed\u010dka ze s\u00f3jov\u00e9ho vosku"},"content":{"rendered":"","protected":false},"excerpt":{"rendered":"<p>Sv\u00ed\u010dka Eternal Love \u2013 s\u00f3jov\u00fd vosk 100%, 150 g. Ru\u010dn\u011b vyroben\u00fd design r\u016f\u017ee pro romantickou dekoraci, d\u00e1rek a \u00fatulnou atmosf\u00e9ru.<\/p>","protected":false},"featured_media":10466,"comment_status":"open","ping_status":"closed","template":"","meta":{"_acf_changed":false},"product_brand":[],"product_cat":[404],"product_tag":[],"class_list":{"0":"post-10260","1":"product","2":"type-product","3":"status-publish","4":"has-post-thumbnail","6":"product_cat-candles","8":"first","9":"instock","10":"shipping-taxable","11":"purchasable","12":"product-type-variable","13":"has-default-attributes"},"acf":[],"_links":{"self":[{"href":"https:\/\/artzendecor.art\/cs\/wp-json\/wp\/v2\/product\/10260","targetHints":{"allow":["GET"]}}],"collection":[{"href":"https:\/\/artzendecor.art\/cs\/wp-json\/wp\/v2\/product"}],"about":[{"href":"https:\/\/artzendecor.art\/cs\/wp-json\/wp\/v2\/types\/product"}],"replies":[{"embeddable":true,"href":"https:\/\/artzendecor.art\/cs\/wp-json\/wp\/v2\/comments?post=10260"}],"version-history":[{"count":1,"href":"https:\/\/artzendecor.art\/cs\/wp-json\/wp\/v2\/product\/10260\/revisions"}],"predecessor-version":[{"id":11934,"href":"https:\/\/artzendecor.art\/cs\/wp-json\/wp\/v2\/product\/10260\/revisions\/11934"}],"wp:featuredmedia":[{"embeddable":true,"href":"https:\/\/artzendecor.art\/cs\/wp-json\/wp\/v2\/media\/10466"}],"wp:attachment":[{"href":"https:\/\/artzendecor.art\/cs\/wp-json\/wp\/v2\/media?parent=10260"}],"wp:term":[{"taxonomy":"product_brand","embeddable":true,"href":"https:\/\/artzendecor.art\/cs\/wp-json\/wp\/v2\/product_brand?post=10260"},{"taxonomy":"product_cat","embeddable":true,"href":"https:\/\/artzendecor.art\/cs\/wp-json\/wp\/v2\/product_cat?post=10260"},{"taxonomy":"product_tag","embeddable":true,"href":"https:\/\/artzendecor.art\/cs\/wp-json\/wp\/v2\/product_tag?post=10260"}],"curies":[{"name":"wp","href":"https:\/\/api.w.org\/{rel}","templated":true}]}}