{"id":10263,"date":"2025-01-31T22:27:10","date_gmt":"2025-01-31T22:27:10","guid":{"rendered":"https:\/\/artzendecor.art\/?post_type=product&#038;p=10263"},"modified":"2025-02-13T18:10:23","modified_gmt":"2025-02-13T18:10:23","slug":"rose-bear-handcrafted-big-soy-wax-candle","status":"publish","type":"product","link":"https:\/\/artzendecor.art\/cs\/collections\/rose-bear-handcrafted-big-soy-wax-candle\/","title":{"rendered":"Ros\u00e9 Bear \u2013 Ru\u010dn\u011b vyr\u00e1b\u011bn\u00e1 velk\u00e1 sv\u00ed\u010dka ze s\u00f3jov\u00e9ho vosku"},"content":{"rendered":"<p>Vneste do sv\u00e9ho prostoru teplo, kouzlo a eleganci se sv\u00ed\u010dkou Ros\u00e9 Bear, kr\u00e1sn\u011b ru\u010dn\u011b vyroben\u00fdm kouskem, kter\u00fd okouzl\u00ed a pot\u011b\u0161\u00ed. Tato jedine\u010dn\u00e1 sv\u00ed\u010dka ve tvaru rozko\u0161n\u00e9ho ply\u0161ov\u00e9ho medv\u00eddka a zdoben\u00e1 propracovan\u00fdmi detaily r\u016f\u017e\u00ed je skute\u010dn\u00fdm um\u011bleck\u00fdm d\u00edlem.<\/p>\n<p>R\u016f\u017eov\u00fd medv\u00eddek, vyroben\u00fd z p\u0159\u00edrodn\u00edho s\u00f3jov\u00e9ho vosku 100%, poskytuje \u010dist\u00e9 a ekologick\u00e9 ho\u0159en\u00ed bez toxin\u016f a syntetick\u00fdch p\u0159\u00edsad. M\u011b\u0159\u00ed 10 cm na v\u00fd\u0161ku a 7 cm na \u0161\u00ed\u0159ku a v\u00e1\u017e\u00ed 280 gram\u016f, co\u017e z n\u011bj \u010din\u00ed v\u00fdznamn\u00fd dekorativn\u00ed kus i funk\u010dn\u00ed sv\u00ed\u010dku.<\/p>\n<p>Bavln\u011bn\u00fd knot zaji\u0161\u0165uje rovnom\u011brn\u00fd a st\u00e1l\u00fd plamen a po zap\u00e1len\u00ed vytv\u00e1\u0159\u00ed m\u011bkkou a \u00fatulnou atmosf\u00e9ru. D\u00edky elegantn\u00edmu designu a jemn\u00e9 b\u00edl\u00e9 barv\u011b slou\u017e\u00ed tato sv\u00ed\u010dka jako perfektn\u00ed d\u00e1rek k narozenin\u00e1m, v\u00fdro\u010d\u00edm, oslav\u00e1m narozen\u00ed d\u00edt\u011bte nebo romantick\u00fdm p\u0159\u00edle\u017eitostem.<\/p>\n<p>A\u0165 u\u017e ji pou\u017eijete jako \u00fast\u0159edn\u00ed dekoraci, dekorativn\u00ed prvek nebo d\u00e1rek z srdce, Ros\u00e9 Bear je nad\u010dasovou sm\u011bsic\u00ed um\u011bn\u00ed, tepla a udr\u017eitelnosti, co\u017e z n\u00ed d\u011bl\u00e1 nutnost pro ka\u017ed\u00e9ho milovn\u00edka sv\u00ed\u010dek.<\/p>","protected":false},"excerpt":{"rendered":"<p>Sv\u00ed\u010dka R\u016f\u017eov\u00fd medv\u00eddek \u2013 100% s\u00f3jov\u00fd vosk, bavln\u011bn\u00fd knot, 280 g, 10 \u00d7 7 cm. Ru\u010dn\u011b vyroben\u00fd ply\u0161ov\u00fd medv\u00eddek s detaily r\u016f\u017e\u00ed pro dekoraci a d\u00e1rek.<\/p>","protected":false},"featured_media":10433,"comment_status":"open","ping_status":"closed","template":"","meta":{"_acf_changed":false},"product_brand":[],"product_cat":[404],"product_tag":[],"class_list":{"0":"post-10263","1":"product","2":"type-product","3":"status-publish","4":"has-post-thumbnail","6":"product_cat-candles","8":"first","9":"instock","10":"sale","11":"shipping-taxable","12":"purchasable","13":"product-type-variable","14":"has-default-attributes"},"acf":[],"_links":{"self":[{"href":"https:\/\/artzendecor.art\/cs\/wp-json\/wp\/v2\/product\/10263","targetHints":{"allow":["GET"]}}],"collection":[{"href":"https:\/\/artzendecor.art\/cs\/wp-json\/wp\/v2\/product"}],"about":[{"href":"https:\/\/artzendecor.art\/cs\/wp-json\/wp\/v2\/types\/product"}],"replies":[{"embeddable":true,"href":"https:\/\/artzendecor.art\/cs\/wp-json\/wp\/v2\/comments?post=10263"}],"version-history":[{"count":0,"href":"https:\/\/artzendecor.art\/cs\/wp-json\/wp\/v2\/product\/10263\/revisions"}],"wp:featuredmedia":[{"embeddable":true,"href":"https:\/\/artzendecor.art\/cs\/wp-json\/wp\/v2\/media\/10433"}],"wp:attachment":[{"href":"https:\/\/artzendecor.art\/cs\/wp-json\/wp\/v2\/media?parent=10263"}],"wp:term":[{"taxonomy":"product_brand","embeddable":true,"href":"https:\/\/artzendecor.art\/cs\/wp-json\/wp\/v2\/product_brand?post=10263"},{"taxonomy":"product_cat","embeddable":true,"href":"https:\/\/artzendecor.art\/cs\/wp-json\/wp\/v2\/product_cat?post=10263"},{"taxonomy":"product_tag","embeddable":true,"href":"https:\/\/artzendecor.art\/cs\/wp-json\/wp\/v2\/product_tag?post=10263"}],"curies":[{"name":"wp","href":"https:\/\/api.w.org\/{rel}","templated":true}]}}