{"id":10266,"date":"2025-01-31T23:28:03","date_gmt":"2025-01-31T23:28:03","guid":{"rendered":"https:\/\/artzendecor.art\/?post_type=product&#038;p=10266"},"modified":"2025-02-05T19:46:52","modified_gmt":"2025-02-05T19:46:52","slug":"set-twilight-spiral-candles","status":"publish","type":"product","link":"https:\/\/artzendecor.art\/cs\/collections\/set-twilight-spiral-candles\/","title":{"rendered":"Sada spir\u00e1ly Twilight \u2013 Ru\u010dn\u011b vyr\u00e1b\u011bn\u00e9 sv\u00ed\u010dky ze s\u00f3jov\u00e9ho vosku 2v1"},"content":{"rendered":"","protected":false},"excerpt":{"rendered":"<p>Twilight Spiral Candles \u2013 100% s\u00f3jov\u00fd vosk, bavln\u011bn\u00fd knot. Socha\u0159sk\u00fd design dod\u00e1v\u00e1 eleganci a atmosf\u00e9ru ka\u017ed\u00e9mu interi\u00e9ru.<\/p>","protected":false},"featured_media":10464,"comment_status":"open","ping_status":"closed","template":"","meta":{"_acf_changed":false},"product_brand":[],"product_cat":[404],"product_tag":[],"class_list":{"0":"post-10266","1":"product","2":"type-product","3":"status-publish","4":"has-post-thumbnail","6":"product_cat-candles","8":"first","9":"instock","10":"sale","11":"shipping-taxable","12":"purchasable","13":"product-type-variable","14":"has-default-attributes"},"acf":[],"_links":{"self":[{"href":"https:\/\/artzendecor.art\/cs\/wp-json\/wp\/v2\/product\/10266","targetHints":{"allow":["GET"]}}],"collection":[{"href":"https:\/\/artzendecor.art\/cs\/wp-json\/wp\/v2\/product"}],"about":[{"href":"https:\/\/artzendecor.art\/cs\/wp-json\/wp\/v2\/types\/product"}],"replies":[{"embeddable":true,"href":"https:\/\/artzendecor.art\/cs\/wp-json\/wp\/v2\/comments?post=10266"}],"version-history":[{"count":0,"href":"https:\/\/artzendecor.art\/cs\/wp-json\/wp\/v2\/product\/10266\/revisions"}],"wp:featuredmedia":[{"embeddable":true,"href":"https:\/\/artzendecor.art\/cs\/wp-json\/wp\/v2\/media\/10464"}],"wp:attachment":[{"href":"https:\/\/artzendecor.art\/cs\/wp-json\/wp\/v2\/media?parent=10266"}],"wp:term":[{"taxonomy":"product_brand","embeddable":true,"href":"https:\/\/artzendecor.art\/cs\/wp-json\/wp\/v2\/product_brand?post=10266"},{"taxonomy":"product_cat","embeddable":true,"href":"https:\/\/artzendecor.art\/cs\/wp-json\/wp\/v2\/product_cat?post=10266"},{"taxonomy":"product_tag","embeddable":true,"href":"https:\/\/artzendecor.art\/cs\/wp-json\/wp\/v2\/product_tag?post=10266"}],"curies":[{"name":"wp","href":"https:\/\/api.w.org\/{rel}","templated":true}]}}