{"id":10269,"date":"2025-01-31T22:54:39","date_gmt":"2025-01-31T22:54:39","guid":{"rendered":"https:\/\/artzendecor.art\/?post_type=product&#038;p=10269"},"modified":"2025-02-05T19:36:23","modified_gmt":"2025-02-05T19:36:23","slug":"ethereal-blossom-candle","status":"publish","type":"product","link":"https:\/\/artzendecor.art\/cs\/collections\/ethereal-blossom-candle\/","title":{"rendered":"Ethereal Blossom \u2013 Ru\u010dn\u011b vyroben\u00e1 sv\u00ed\u010dka ze s\u00f3jov\u00e9ho vosku"},"content":{"rendered":"","protected":false},"excerpt":{"rendered":"<p>Sv\u00ed\u010dka Ethereal Blossom Candle \u2013 100% sojov\u00fd vosk, bavln\u011bn\u00fd knot, 260g, 7\u00d78-9cm. Ru\u010dn\u011b vyroben\u00fd design ji\u0159iny pro eleganci, relaxaci a d\u00e1rek.<\/p>","protected":false},"featured_media":10448,"comment_status":"open","ping_status":"closed","template":"","meta":{"_acf_changed":false},"product_brand":[],"product_cat":[404],"product_tag":[],"class_list":{"0":"post-10269","1":"product","2":"type-product","3":"status-publish","4":"has-post-thumbnail","6":"product_cat-candles","8":"first","9":"instock","10":"sale","11":"shipping-taxable","12":"purchasable","13":"product-type-variable","14":"has-default-attributes"},"acf":[],"_links":{"self":[{"href":"https:\/\/artzendecor.art\/cs\/wp-json\/wp\/v2\/product\/10269","targetHints":{"allow":["GET"]}}],"collection":[{"href":"https:\/\/artzendecor.art\/cs\/wp-json\/wp\/v2\/product"}],"about":[{"href":"https:\/\/artzendecor.art\/cs\/wp-json\/wp\/v2\/types\/product"}],"replies":[{"embeddable":true,"href":"https:\/\/artzendecor.art\/cs\/wp-json\/wp\/v2\/comments?post=10269"}],"version-history":[{"count":0,"href":"https:\/\/artzendecor.art\/cs\/wp-json\/wp\/v2\/product\/10269\/revisions"}],"wp:featuredmedia":[{"embeddable":true,"href":"https:\/\/artzendecor.art\/cs\/wp-json\/wp\/v2\/media\/10448"}],"wp:attachment":[{"href":"https:\/\/artzendecor.art\/cs\/wp-json\/wp\/v2\/media?parent=10269"}],"wp:term":[{"taxonomy":"product_brand","embeddable":true,"href":"https:\/\/artzendecor.art\/cs\/wp-json\/wp\/v2\/product_brand?post=10269"},{"taxonomy":"product_cat","embeddable":true,"href":"https:\/\/artzendecor.art\/cs\/wp-json\/wp\/v2\/product_cat?post=10269"},{"taxonomy":"product_tag","embeddable":true,"href":"https:\/\/artzendecor.art\/cs\/wp-json\/wp\/v2\/product_tag?post=10269"}],"curies":[{"name":"wp","href":"https:\/\/api.w.org\/{rel}","templated":true}]}}