{"id":10272,"date":"2025-01-31T22:35:22","date_gmt":"2025-01-31T22:35:22","guid":{"rendered":"https:\/\/artzendecor.art\/?post_type=product&#038;p=10272"},"modified":"2025-02-06T15:48:43","modified_gmt":"2025-02-06T15:48:43","slug":"heart-glow-wooden-wick-candles","status":"publish","type":"product","link":"https:\/\/artzendecor.art\/cs\/collections\/heart-glow-wooden-wick-candles\/","title":{"rendered":"Sada d\u0159ev\u011bn\u00fdch knot\u016f Heart Glow \u2013 Ru\u010dn\u011b vyr\u00e1b\u011bn\u00e9 sv\u00ed\u010dky ze s\u00f3jov\u00e9ho vosku"},"content":{"rendered":"","protected":false},"excerpt":{"rendered":"<p>Sada sv\u00ed\u010dek HeartGlow \u2013 100% olivov\u00fd vosk, d\u0159ev\u011bn\u00fd knot, 100 g ka\u017ed\u00e1. Ru\u010dn\u011b vyroben\u00fd design ve tvaru srdce pro \u00fatulnou atmosf\u00e9ru a jako d\u00e1rek.<\/p>","protected":false},"featured_media":10442,"comment_status":"open","ping_status":"closed","template":"","meta":{"_acf_changed":false},"product_brand":[],"product_cat":[404],"product_tag":[],"class_list":{"0":"post-10272","1":"product","2":"type-product","3":"status-publish","4":"has-post-thumbnail","6":"product_cat-candles","8":"first","9":"instock","10":"sale","11":"sold-individually","12":"shipping-taxable","13":"purchasable","14":"product-type-simple"},"acf":[],"_links":{"self":[{"href":"https:\/\/artzendecor.art\/cs\/wp-json\/wp\/v2\/product\/10272","targetHints":{"allow":["GET"]}}],"collection":[{"href":"https:\/\/artzendecor.art\/cs\/wp-json\/wp\/v2\/product"}],"about":[{"href":"https:\/\/artzendecor.art\/cs\/wp-json\/wp\/v2\/types\/product"}],"replies":[{"embeddable":true,"href":"https:\/\/artzendecor.art\/cs\/wp-json\/wp\/v2\/comments?post=10272"}],"version-history":[{"count":0,"href":"https:\/\/artzendecor.art\/cs\/wp-json\/wp\/v2\/product\/10272\/revisions"}],"wp:featuredmedia":[{"embeddable":true,"href":"https:\/\/artzendecor.art\/cs\/wp-json\/wp\/v2\/media\/10442"}],"wp:attachment":[{"href":"https:\/\/artzendecor.art\/cs\/wp-json\/wp\/v2\/media?parent=10272"}],"wp:term":[{"taxonomy":"product_brand","embeddable":true,"href":"https:\/\/artzendecor.art\/cs\/wp-json\/wp\/v2\/product_brand?post=10272"},{"taxonomy":"product_cat","embeddable":true,"href":"https:\/\/artzendecor.art\/cs\/wp-json\/wp\/v2\/product_cat?post=10272"},{"taxonomy":"product_tag","embeddable":true,"href":"https:\/\/artzendecor.art\/cs\/wp-json\/wp\/v2\/product_tag?post=10272"}],"curies":[{"name":"wp","href":"https:\/\/api.w.org\/{rel}","templated":true}]}}