{"id":10654,"date":"2025-02-02T23:35:31","date_gmt":"2025-02-02T23:35:31","guid":{"rendered":"https:\/\/artzendecor.art\/?post_type=product&#038;p=10654"},"modified":"2025-02-05T19:53:33","modified_gmt":"2025-02-05T19:53:33","slug":"twilight-swirl-set-handcrafted-set-of-3-soy-candles","status":"publish","type":"product","link":"https:\/\/artzendecor.art\/cs\/collections\/twilight-swirl-set-handcrafted-set-of-3-soy-candles\/","title":{"rendered":"Twilight Swirl Set \u2013 Ru\u010dn\u011b vyroben\u00e1 sada 3 s\u00f3jov\u00fdch sv\u00ed\u010dek"},"content":{"rendered":"","protected":false},"excerpt":{"rendered":"<p class=\"p1\">Sada v\u00edrov\u00fdch sv\u00ed\u010dek Twilight \u2013 100% s\u00f3jov\u00fd vosk, 170g a 80g. Elegantn\u00ed spir\u00e1lov\u00fd design pro dekoraci, atmosf\u00e9ru a rafinovan\u00fd d\u00e1rek.<\/p>","protected":false},"featured_media":10655,"comment_status":"open","ping_status":"closed","template":"","meta":{"_acf_changed":false},"product_brand":[],"product_cat":[404],"product_tag":[],"class_list":{"0":"post-10654","1":"product","2":"type-product","3":"status-publish","4":"has-post-thumbnail","6":"product_cat-candles","8":"first","9":"instock","10":"shipping-taxable","11":"purchasable","12":"product-type-variable","13":"has-default-attributes"},"acf":[],"_links":{"self":[{"href":"https:\/\/artzendecor.art\/cs\/wp-json\/wp\/v2\/product\/10654","targetHints":{"allow":["GET"]}}],"collection":[{"href":"https:\/\/artzendecor.art\/cs\/wp-json\/wp\/v2\/product"}],"about":[{"href":"https:\/\/artzendecor.art\/cs\/wp-json\/wp\/v2\/types\/product"}],"replies":[{"embeddable":true,"href":"https:\/\/artzendecor.art\/cs\/wp-json\/wp\/v2\/comments?post=10654"}],"version-history":[{"count":0,"href":"https:\/\/artzendecor.art\/cs\/wp-json\/wp\/v2\/product\/10654\/revisions"}],"wp:featuredmedia":[{"embeddable":true,"href":"https:\/\/artzendecor.art\/cs\/wp-json\/wp\/v2\/media\/10655"}],"wp:attachment":[{"href":"https:\/\/artzendecor.art\/cs\/wp-json\/wp\/v2\/media?parent=10654"}],"wp:term":[{"taxonomy":"product_brand","embeddable":true,"href":"https:\/\/artzendecor.art\/cs\/wp-json\/wp\/v2\/product_brand?post=10654"},{"taxonomy":"product_cat","embeddable":true,"href":"https:\/\/artzendecor.art\/cs\/wp-json\/wp\/v2\/product_cat?post=10654"},{"taxonomy":"product_tag","embeddable":true,"href":"https:\/\/artzendecor.art\/cs\/wp-json\/wp\/v2\/product_tag?post=10654"}],"curies":[{"name":"wp","href":"https:\/\/api.w.org\/{rel}","templated":true}]}}