{"id":10673,"date":"2025-02-03T00:06:19","date_gmt":"2025-02-03T00:06:19","guid":{"rendered":"https:\/\/artzendecor.art\/?post_type=product&#038;p=10673"},"modified":"2025-02-21T15:16:33","modified_gmt":"2025-02-21T15:16:33","slug":"peony-glow-candle-handcrafted-soy-candle-in-ceramic-bowl","status":"publish","type":"product","link":"https:\/\/artzendecor.art\/cs\/collections\/peony-glow-candle-handcrafted-soy-candle-in-ceramic-bowl\/","title":{"rendered":"Pivo\u0148ka Glow \u2013 Ru\u010dn\u011b vyroben\u00e1 s\u00f3jov\u00e1 sv\u00ed\u010dka v keramick\u00e9m kel\u00edmku"},"content":{"rendered":"","protected":false},"excerpt":{"rendered":"<p class=\"p1\">Pivo\u0148ka Glow Candle \u2013 100% s\u00f3jov\u00fd vosk, 333g, 8\u00d74cm. Tvarovan\u00fd design pivo\u0148ky v keramick\u00e9 misce pro elegantn\u00ed dekoraci, atmosf\u00e9ru a d\u00e1rky.<\/p>","protected":false},"featured_media":10677,"comment_status":"open","ping_status":"closed","template":"","meta":{"_acf_changed":false},"product_brand":[],"product_cat":[404],"product_tag":[],"class_list":{"0":"post-10673","1":"product","2":"type-product","3":"status-publish","4":"has-post-thumbnail","6":"product_cat-candles","8":"first","9":"instock","10":"shipping-taxable","11":"purchasable","12":"product-type-simple"},"acf":[],"_links":{"self":[{"href":"https:\/\/artzendecor.art\/cs\/wp-json\/wp\/v2\/product\/10673","targetHints":{"allow":["GET"]}}],"collection":[{"href":"https:\/\/artzendecor.art\/cs\/wp-json\/wp\/v2\/product"}],"about":[{"href":"https:\/\/artzendecor.art\/cs\/wp-json\/wp\/v2\/types\/product"}],"replies":[{"embeddable":true,"href":"https:\/\/artzendecor.art\/cs\/wp-json\/wp\/v2\/comments?post=10673"}],"version-history":[{"count":1,"href":"https:\/\/artzendecor.art\/cs\/wp-json\/wp\/v2\/product\/10673\/revisions"}],"predecessor-version":[{"id":11936,"href":"https:\/\/artzendecor.art\/cs\/wp-json\/wp\/v2\/product\/10673\/revisions\/11936"}],"wp:featuredmedia":[{"embeddable":true,"href":"https:\/\/artzendecor.art\/cs\/wp-json\/wp\/v2\/media\/10677"}],"wp:attachment":[{"href":"https:\/\/artzendecor.art\/cs\/wp-json\/wp\/v2\/media?parent=10673"}],"wp:term":[{"taxonomy":"product_brand","embeddable":true,"href":"https:\/\/artzendecor.art\/cs\/wp-json\/wp\/v2\/product_brand?post=10673"},{"taxonomy":"product_cat","embeddable":true,"href":"https:\/\/artzendecor.art\/cs\/wp-json\/wp\/v2\/product_cat?post=10673"},{"taxonomy":"product_tag","embeddable":true,"href":"https:\/\/artzendecor.art\/cs\/wp-json\/wp\/v2\/product_tag?post=10673"}],"curies":[{"name":"wp","href":"https:\/\/api.w.org\/{rel}","templated":true}]}}