{"id":10890,"date":"2025-02-05T22:04:02","date_gmt":"2025-02-05T22:04:02","guid":{"rendered":"https:\/\/artzendecor.art\/?post_type=product&#038;p=10890"},"modified":"2025-02-11T20:42:55","modified_gmt":"2025-02-11T20:42:55","slug":"succulent-verde-handcrafted-soy-candle-in-ceramic-green-cup","status":"publish","type":"product","link":"https:\/\/artzendecor.art\/cs\/collections\/succulent-verde-handcrafted-soy-candle-in-ceramic-green-cup\/","title":{"rendered":"Succulent Verde \u2013 ru\u010dn\u011b vyroben\u00e1 s\u00f3jov\u00e1 sv\u00ed\u010dka v keramick\u00e9m zelen\u00e9m poh\u00e1rku"},"content":{"rendered":"","protected":false},"excerpt":{"rendered":"<p>Succulent Verde Candle \u2013 100% sojov\u00fd vosk, 271g, 7\u00d76cm. Zelen\u00fd keramick\u00fd hrnek, ide\u00e1ln\u00ed pro dekoraci, atmosf\u00e9ru a opakovan\u00e9 pou\u017eit\u00ed jako kv\u011btin\u00e1\u010d nebo miska.<\/p>","protected":false},"featured_media":10893,"comment_status":"open","ping_status":"closed","template":"","meta":{"_acf_changed":false},"product_brand":[],"product_cat":[404],"product_tag":[],"class_list":{"0":"post-10890","1":"product","2":"type-product","3":"status-publish","4":"has-post-thumbnail","6":"product_cat-candles","8":"first","9":"instock","10":"shipping-taxable","11":"purchasable","12":"product-type-simple"},"acf":[],"_links":{"self":[{"href":"https:\/\/artzendecor.art\/cs\/wp-json\/wp\/v2\/product\/10890","targetHints":{"allow":["GET"]}}],"collection":[{"href":"https:\/\/artzendecor.art\/cs\/wp-json\/wp\/v2\/product"}],"about":[{"href":"https:\/\/artzendecor.art\/cs\/wp-json\/wp\/v2\/types\/product"}],"replies":[{"embeddable":true,"href":"https:\/\/artzendecor.art\/cs\/wp-json\/wp\/v2\/comments?post=10890"}],"version-history":[{"count":0,"href":"https:\/\/artzendecor.art\/cs\/wp-json\/wp\/v2\/product\/10890\/revisions"}],"wp:featuredmedia":[{"embeddable":true,"href":"https:\/\/artzendecor.art\/cs\/wp-json\/wp\/v2\/media\/10893"}],"wp:attachment":[{"href":"https:\/\/artzendecor.art\/cs\/wp-json\/wp\/v2\/media?parent=10890"}],"wp:term":[{"taxonomy":"product_brand","embeddable":true,"href":"https:\/\/artzendecor.art\/cs\/wp-json\/wp\/v2\/product_brand?post=10890"},{"taxonomy":"product_cat","embeddable":true,"href":"https:\/\/artzendecor.art\/cs\/wp-json\/wp\/v2\/product_cat?post=10890"},{"taxonomy":"product_tag","embeddable":true,"href":"https:\/\/artzendecor.art\/cs\/wp-json\/wp\/v2\/product_tag?post=10890"}],"curies":[{"name":"wp","href":"https:\/\/api.w.org\/{rel}","templated":true}]}}