{"id":10897,"date":"2025-02-05T22:19:03","date_gmt":"2025-02-05T22:19:03","guid":{"rendered":"https:\/\/artzendecor.art\/?post_type=product&#038;p=10897"},"modified":"2025-02-21T15:07:29","modified_gmt":"2025-02-21T15:07:29","slug":"ethereal-sculptural-set-handcrafted-soy-candles","status":"publish","type":"product","link":"https:\/\/artzendecor.art\/cs\/collections\/ethereal-sculptural-set-handcrafted-soy-candles\/","title":{"rendered":"\u00c9terick\u00fd socha\u0159sk\u00fd set \u2013 Ru\u010dn\u011b vyr\u00e1b\u011bn\u00e9 s\u00f3jov\u00e9 sv\u00ed\u010dky"},"content":{"rendered":"","protected":false},"excerpt":{"rendered":"<p>Sada sv\u00ed\u010dek Ethereal Flow \u2013 100% s\u00f3jov\u00fd vosk, 90g, 75g, 95g. Socha\u0159sk\u00fd design pro modern\u00ed v\u00fdzdobu, atmosf\u00e9ru a elegantn\u00ed d\u00e1rek.<\/p>","protected":false},"featured_media":10901,"comment_status":"open","ping_status":"closed","template":"","meta":{"_acf_changed":false},"product_brand":[],"product_cat":[404],"product_tag":[],"class_list":{"0":"post-10897","1":"product","2":"type-product","3":"status-publish","4":"has-post-thumbnail","6":"product_cat-candles","8":"first","9":"instock","10":"shipping-taxable","11":"purchasable","12":"product-type-variable","13":"has-default-attributes"},"acf":[],"_links":{"self":[{"href":"https:\/\/artzendecor.art\/cs\/wp-json\/wp\/v2\/product\/10897","targetHints":{"allow":["GET"]}}],"collection":[{"href":"https:\/\/artzendecor.art\/cs\/wp-json\/wp\/v2\/product"}],"about":[{"href":"https:\/\/artzendecor.art\/cs\/wp-json\/wp\/v2\/types\/product"}],"replies":[{"embeddable":true,"href":"https:\/\/artzendecor.art\/cs\/wp-json\/wp\/v2\/comments?post=10897"}],"version-history":[{"count":0,"href":"https:\/\/artzendecor.art\/cs\/wp-json\/wp\/v2\/product\/10897\/revisions"}],"wp:featuredmedia":[{"embeddable":true,"href":"https:\/\/artzendecor.art\/cs\/wp-json\/wp\/v2\/media\/10901"}],"wp:attachment":[{"href":"https:\/\/artzendecor.art\/cs\/wp-json\/wp\/v2\/media?parent=10897"}],"wp:term":[{"taxonomy":"product_brand","embeddable":true,"href":"https:\/\/artzendecor.art\/cs\/wp-json\/wp\/v2\/product_brand?post=10897"},{"taxonomy":"product_cat","embeddable":true,"href":"https:\/\/artzendecor.art\/cs\/wp-json\/wp\/v2\/product_cat?post=10897"},{"taxonomy":"product_tag","embeddable":true,"href":"https:\/\/artzendecor.art\/cs\/wp-json\/wp\/v2\/product_tag?post=10897"}],"curies":[{"name":"wp","href":"https:\/\/api.w.org\/{rel}","templated":true}]}}