{"id":10903,"date":"2025-02-05T22:29:04","date_gmt":"2025-02-05T22:29:04","guid":{"rendered":"https:\/\/artzendecor.art\/?post_type=product&#038;p=10903"},"modified":"2025-02-11T20:43:09","modified_gmt":"2025-02-11T20:43:09","slug":"blush-bloom-handcrafted-soy-candle-in-ceramic-rose-cup","status":"publish","type":"product","link":"https:\/\/artzendecor.art\/cs\/collections\/blush-bloom-handcrafted-soy-candle-in-ceramic-rose-cup\/","title":{"rendered":"Blush Bloom \u2013 Ru\u010dn\u011b vyroben\u00e1 s\u00f3jov\u00e1 sv\u00ed\u010dka v keramick\u00e9m kel\u00edmku s r\u016f\u017e\u00ed"},"content":{"rendered":"","protected":false},"excerpt":{"rendered":"<p>Blush Bloom Candle \u2013 100% s\u00f3jov\u00fd vosk, 300g, 7\u00d77 cm. R\u016f\u017eov\u00fd keramick\u00fd poh\u00e1r s kv\u011btinov\u00fdm vzorem pro elegantn\u00ed dekoraci, atmosf\u00e9ru a d\u00e1rky.<\/p>","protected":false},"featured_media":10907,"comment_status":"open","ping_status":"closed","template":"","meta":{"_acf_changed":false},"product_brand":[],"product_cat":[404],"product_tag":[],"class_list":{"0":"post-10903","1":"product","2":"type-product","3":"status-publish","4":"has-post-thumbnail","6":"product_cat-candles","8":"first","9":"instock","10":"shipping-taxable","11":"purchasable","12":"product-type-simple"},"acf":[],"_links":{"self":[{"href":"https:\/\/artzendecor.art\/cs\/wp-json\/wp\/v2\/product\/10903","targetHints":{"allow":["GET"]}}],"collection":[{"href":"https:\/\/artzendecor.art\/cs\/wp-json\/wp\/v2\/product"}],"about":[{"href":"https:\/\/artzendecor.art\/cs\/wp-json\/wp\/v2\/types\/product"}],"replies":[{"embeddable":true,"href":"https:\/\/artzendecor.art\/cs\/wp-json\/wp\/v2\/comments?post=10903"}],"version-history":[{"count":0,"href":"https:\/\/artzendecor.art\/cs\/wp-json\/wp\/v2\/product\/10903\/revisions"}],"wp:featuredmedia":[{"embeddable":true,"href":"https:\/\/artzendecor.art\/cs\/wp-json\/wp\/v2\/media\/10907"}],"wp:attachment":[{"href":"https:\/\/artzendecor.art\/cs\/wp-json\/wp\/v2\/media?parent=10903"}],"wp:term":[{"taxonomy":"product_brand","embeddable":true,"href":"https:\/\/artzendecor.art\/cs\/wp-json\/wp\/v2\/product_brand?post=10903"},{"taxonomy":"product_cat","embeddable":true,"href":"https:\/\/artzendecor.art\/cs\/wp-json\/wp\/v2\/product_cat?post=10903"},{"taxonomy":"product_tag","embeddable":true,"href":"https:\/\/artzendecor.art\/cs\/wp-json\/wp\/v2\/product_tag?post=10903"}],"curies":[{"name":"wp","href":"https:\/\/api.w.org\/{rel}","templated":true}]}}