{"id":11054,"date":"2025-02-07T11:16:55","date_gmt":"2025-02-07T11:16:55","guid":{"rendered":"https:\/\/artzendecor.art\/?post_type=product&#038;p=11054"},"modified":"2025-02-21T15:02:24","modified_gmt":"2025-02-21T15:02:24","slug":"eclipse-wave-handcrafted-organic-cement-bowl","status":"publish","type":"product","link":"https:\/\/artzendecor.art\/cs\/collections\/eclipse-wave-handcrafted-organic-cement-bowl\/","title":{"rendered":"Eclipse Wave \u2013 ru\u010dn\u011b vyroben\u00e1 miska z organick\u00e9ho \u0161ed\u00e9ho cementu"},"content":{"rendered":"","protected":false},"excerpt":{"rendered":"<p>Miska Eclipse Wave \u2013 520 g, 19\u00d76 cm. Ru\u010dn\u011b vyr\u00e1b\u011bn\u00fd organick\u00fd cement se zvln\u011bn\u00fdmi okraji pro dekoraci, skladov\u00e1n\u00ed nebo modern\u00ed minimalistick\u00fd styl.<\/p>","protected":false},"featured_media":11075,"comment_status":"open","ping_status":"closed","template":"","meta":{"_acf_changed":false},"product_brand":[],"product_cat":[404],"product_tag":[],"class_list":{"0":"post-11054","1":"product","2":"type-product","3":"status-publish","4":"has-post-thumbnail","6":"product_cat-candles","8":"first","9":"instock","10":"shipping-taxable","11":"purchasable","12":"product-type-simple"},"acf":[],"_links":{"self":[{"href":"https:\/\/artzendecor.art\/cs\/wp-json\/wp\/v2\/product\/11054","targetHints":{"allow":["GET"]}}],"collection":[{"href":"https:\/\/artzendecor.art\/cs\/wp-json\/wp\/v2\/product"}],"about":[{"href":"https:\/\/artzendecor.art\/cs\/wp-json\/wp\/v2\/types\/product"}],"replies":[{"embeddable":true,"href":"https:\/\/artzendecor.art\/cs\/wp-json\/wp\/v2\/comments?post=11054"}],"version-history":[{"count":1,"href":"https:\/\/artzendecor.art\/cs\/wp-json\/wp\/v2\/product\/11054\/revisions"}],"predecessor-version":[{"id":11932,"href":"https:\/\/artzendecor.art\/cs\/wp-json\/wp\/v2\/product\/11054\/revisions\/11932"}],"wp:featuredmedia":[{"embeddable":true,"href":"https:\/\/artzendecor.art\/cs\/wp-json\/wp\/v2\/media\/11075"}],"wp:attachment":[{"href":"https:\/\/artzendecor.art\/cs\/wp-json\/wp\/v2\/media?parent=11054"}],"wp:term":[{"taxonomy":"product_brand","embeddable":true,"href":"https:\/\/artzendecor.art\/cs\/wp-json\/wp\/v2\/product_brand?post=11054"},{"taxonomy":"product_cat","embeddable":true,"href":"https:\/\/artzendecor.art\/cs\/wp-json\/wp\/v2\/product_cat?post=11054"},{"taxonomy":"product_tag","embeddable":true,"href":"https:\/\/artzendecor.art\/cs\/wp-json\/wp\/v2\/product_tag?post=11054"}],"curies":[{"name":"wp","href":"https:\/\/api.w.org\/{rel}","templated":true}]}}