{"id":11157,"date":"2025-02-07T22:42:40","date_gmt":"2025-02-07T22:42:40","guid":{"rendered":"https:\/\/artzendecor.art\/?post_type=product&#038;p=11157"},"modified":"2025-02-07T22:43:44","modified_gmt":"2025-02-07T22:43:44","slug":"noir-ember-set-handcrafted-soy-candles-in-ceramic-black-cups-with-tray","status":"publish","type":"product","link":"https:\/\/artzendecor.art\/cs\/collections\/noir-ember-set-handcrafted-soy-candles-in-ceramic-black-cups-with-tray\/","title":{"rendered":"Sada Noir Ember \u2013 Ru\u010dn\u011b vyr\u00e1b\u011bn\u00e9 s\u00f3jov\u00e9 sv\u00ed\u010dky v keramick\u00fdch \u010dern\u00fdch kel\u00edmc\u00edch s podnosem"},"content":{"rendered":"","protected":false},"excerpt":{"rendered":"<p>Sada sv\u00ed\u010dek Noir Ember \u2013 100% s\u00f3jov\u00fd vosk, ka\u017ed\u00e1 150g. \u010cern\u00fd keramick\u00fd podnos a \u0161\u00e1lky pro modern\u00ed dekoraci, atmosf\u00e9ru a opakovan\u011b pou\u017eitelnou eleganci.<\/p>","protected":false},"featured_media":11160,"comment_status":"open","ping_status":"closed","template":"","meta":{"_acf_changed":false},"product_brand":[],"product_cat":[404],"product_tag":[],"class_list":{"0":"post-11157","1":"product","2":"type-product","3":"status-publish","4":"has-post-thumbnail","6":"product_cat-candles","8":"first","9":"instock","10":"shipping-taxable","11":"purchasable","12":"product-type-simple"},"acf":[],"_links":{"self":[{"href":"https:\/\/artzendecor.art\/cs\/wp-json\/wp\/v2\/product\/11157","targetHints":{"allow":["GET"]}}],"collection":[{"href":"https:\/\/artzendecor.art\/cs\/wp-json\/wp\/v2\/product"}],"about":[{"href":"https:\/\/artzendecor.art\/cs\/wp-json\/wp\/v2\/types\/product"}],"replies":[{"embeddable":true,"href":"https:\/\/artzendecor.art\/cs\/wp-json\/wp\/v2\/comments?post=11157"}],"version-history":[{"count":0,"href":"https:\/\/artzendecor.art\/cs\/wp-json\/wp\/v2\/product\/11157\/revisions"}],"wp:featuredmedia":[{"embeddable":true,"href":"https:\/\/artzendecor.art\/cs\/wp-json\/wp\/v2\/media\/11160"}],"wp:attachment":[{"href":"https:\/\/artzendecor.art\/cs\/wp-json\/wp\/v2\/media?parent=11157"}],"wp:term":[{"taxonomy":"product_brand","embeddable":true,"href":"https:\/\/artzendecor.art\/cs\/wp-json\/wp\/v2\/product_brand?post=11157"},{"taxonomy":"product_cat","embeddable":true,"href":"https:\/\/artzendecor.art\/cs\/wp-json\/wp\/v2\/product_cat?post=11157"},{"taxonomy":"product_tag","embeddable":true,"href":"https:\/\/artzendecor.art\/cs\/wp-json\/wp\/v2\/product_tag?post=11157"}],"curies":[{"name":"wp","href":"https:\/\/api.w.org\/{rel}","templated":true}]}}