{"id":11238,"date":"2025-02-09T17:53:54","date_gmt":"2025-02-09T17:53:54","guid":{"rendered":"https:\/\/artzendecor.art\/?post_type=product&#038;p=11238"},"modified":"2025-02-11T20:18:36","modified_gmt":"2025-02-11T20:18:36","slug":"luna-terra-handcrafted-organic-cement-grey-bowl","status":"publish","type":"product","link":"https:\/\/artzendecor.art\/cs\/collections\/luna-terra-handcrafted-organic-cement-grey-bowl\/","title":{"rendered":"Luna Terra \u2013 ru\u010dn\u011b vyroben\u00e1 organick\u00e1 cementov\u00e1 \u0161ed\u00e1 m\u00edsa"},"content":{"rendered":"","protected":false},"excerpt":{"rendered":"<p>Miska Luna Terra \u2013 1050g, 20\u00d76cm. Ru\u010dn\u011b vyr\u00e1b\u011bn\u00fd organick\u00fd cement se zlat\u00fdmi akcenty pro modern\u00ed dekor, skladov\u00e1n\u00ed a udr\u017eitelnou eleganci.<\/p>","protected":false},"featured_media":11247,"comment_status":"open","ping_status":"closed","template":"","meta":{"_acf_changed":false},"product_brand":[],"product_cat":[404],"product_tag":[],"class_list":{"0":"post-11238","1":"product","2":"type-product","3":"status-publish","4":"has-post-thumbnail","6":"product_cat-candles","8":"first","9":"instock","10":"shipping-taxable","11":"purchasable","12":"product-type-variable","13":"has-default-attributes"},"acf":[],"_links":{"self":[{"href":"https:\/\/artzendecor.art\/cs\/wp-json\/wp\/v2\/product\/11238","targetHints":{"allow":["GET"]}}],"collection":[{"href":"https:\/\/artzendecor.art\/cs\/wp-json\/wp\/v2\/product"}],"about":[{"href":"https:\/\/artzendecor.art\/cs\/wp-json\/wp\/v2\/types\/product"}],"replies":[{"embeddable":true,"href":"https:\/\/artzendecor.art\/cs\/wp-json\/wp\/v2\/comments?post=11238"}],"version-history":[{"count":0,"href":"https:\/\/artzendecor.art\/cs\/wp-json\/wp\/v2\/product\/11238\/revisions"}],"wp:featuredmedia":[{"embeddable":true,"href":"https:\/\/artzendecor.art\/cs\/wp-json\/wp\/v2\/media\/11247"}],"wp:attachment":[{"href":"https:\/\/artzendecor.art\/cs\/wp-json\/wp\/v2\/media?parent=11238"}],"wp:term":[{"taxonomy":"product_brand","embeddable":true,"href":"https:\/\/artzendecor.art\/cs\/wp-json\/wp\/v2\/product_brand?post=11238"},{"taxonomy":"product_cat","embeddable":true,"href":"https:\/\/artzendecor.art\/cs\/wp-json\/wp\/v2\/product_cat?post=11238"},{"taxonomy":"product_tag","embeddable":true,"href":"https:\/\/artzendecor.art\/cs\/wp-json\/wp\/v2\/product_tag?post=11238"}],"curies":[{"name":"wp","href":"https:\/\/api.w.org\/{rel}","templated":true}]}}