{"id":11383,"date":"2025-02-14T00:02:19","date_gmt":"2025-02-14T00:02:19","guid":{"rendered":"https:\/\/artzendecor.art\/?post_type=product&#038;p=11383"},"modified":"2025-02-17T21:54:27","modified_gmt":"2025-02-17T21:54:27","slug":"obsidian-raw-haven-soy-wax-candle-in-handcrafted-organic-grey-cement","status":"publish","type":"product","link":"https:\/\/artzendecor.art\/cs\/collections\/obsidian-raw-haven-soy-wax-candle-in-handcrafted-organic-grey-cement\/","title":{"rendered":"Sojov\u00e1 voskov\u00e1 sv\u00ed\u010dka Obsidian Raw Haven z ru\u010dn\u011b vyr\u00e1b\u011bn\u00e9ho organick\u00e9ho \u0161ed\u00e9ho cementu"},"content":{"rendered":"","protected":false},"excerpt":{"rendered":"<p>Sv\u00ed\u010dka Obsidian Haven \u2013 s\u00f3jov\u00fd vosk 100%, 980 g, 10 \u00d7 9 cm. Organick\u00fd cement s v\u00ed\u010dkem pro modern\u00ed dekoraci, atmosf\u00e9ru a udr\u017eiteln\u00e9 op\u011btovn\u00e9 pou\u017eit\u00ed.<\/p>","protected":false},"featured_media":11407,"comment_status":"open","ping_status":"closed","template":"","meta":{"_acf_changed":false},"product_brand":[],"product_cat":[404],"product_tag":[],"class_list":{"0":"post-11383","1":"product","2":"type-product","3":"status-publish","4":"has-post-thumbnail","6":"product_cat-candles","8":"first","9":"instock","10":"shipping-taxable","11":"purchasable","12":"product-type-variable","13":"has-default-attributes"},"acf":[],"_links":{"self":[{"href":"https:\/\/artzendecor.art\/cs\/wp-json\/wp\/v2\/product\/11383","targetHints":{"allow":["GET"]}}],"collection":[{"href":"https:\/\/artzendecor.art\/cs\/wp-json\/wp\/v2\/product"}],"about":[{"href":"https:\/\/artzendecor.art\/cs\/wp-json\/wp\/v2\/types\/product"}],"replies":[{"embeddable":true,"href":"https:\/\/artzendecor.art\/cs\/wp-json\/wp\/v2\/comments?post=11383"}],"version-history":[{"count":1,"href":"https:\/\/artzendecor.art\/cs\/wp-json\/wp\/v2\/product\/11383\/revisions"}],"predecessor-version":[{"id":11609,"href":"https:\/\/artzendecor.art\/cs\/wp-json\/wp\/v2\/product\/11383\/revisions\/11609"}],"wp:featuredmedia":[{"embeddable":true,"href":"https:\/\/artzendecor.art\/cs\/wp-json\/wp\/v2\/media\/11407"}],"wp:attachment":[{"href":"https:\/\/artzendecor.art\/cs\/wp-json\/wp\/v2\/media?parent=11383"}],"wp:term":[{"taxonomy":"product_brand","embeddable":true,"href":"https:\/\/artzendecor.art\/cs\/wp-json\/wp\/v2\/product_brand?post=11383"},{"taxonomy":"product_cat","embeddable":true,"href":"https:\/\/artzendecor.art\/cs\/wp-json\/wp\/v2\/product_cat?post=11383"},{"taxonomy":"product_tag","embeddable":true,"href":"https:\/\/artzendecor.art\/cs\/wp-json\/wp\/v2\/product_tag?post=11383"}],"curies":[{"name":"wp","href":"https:\/\/api.w.org\/{rel}","templated":true}]}}