{"id":11590,"date":"2025-02-16T22:17:46","date_gmt":"2025-02-16T22:17:46","guid":{"rendered":"https:\/\/artzendecor.art\/?post_type=product&#038;p=11590"},"modified":"2025-02-16T22:20:19","modified_gmt":"2025-02-16T22:20:19","slug":"triptych-ethereal-reef-40-x-100-cm3","status":"publish","type":"product","link":"https:\/\/artzendecor.art\/cs\/collections\/triptych-ethereal-reef-40-x-100-cm3\/","title":{"rendered":"Triptych \u201e\u00c9terick\u00fd \u00fates\u201c 40 x 100 cm*3"},"content":{"rendered":"","protected":false},"excerpt":{"rendered":"<p>\u201eEthereal Reef\u201c \u2013 ru\u010dn\u011b vyroben\u00fd triptych inspirovan\u00fd kor\u00e1lov\u00fdmi \u00fatesy s tekut\u00fdmi akrylov\u00fdmi inkousty a fixy. Rozm\u011br: 120\u00d7100 cm.<\/p>","protected":false},"featured_media":11599,"comment_status":"open","ping_status":"closed","template":"","meta":{"_acf_changed":false},"product_brand":[],"product_cat":[395,399],"product_tag":[],"class_list":{"0":"post-11590","1":"product","2":"type-product","3":"status-publish","4":"has-post-thumbnail","6":"product_cat-art","7":"product_cat-paintings","9":"first","10":"outofstock","11":"sold-individually","12":"shipping-taxable","13":"purchasable","14":"product-type-simple"},"acf":[],"_links":{"self":[{"href":"https:\/\/artzendecor.art\/cs\/wp-json\/wp\/v2\/product\/11590","targetHints":{"allow":["GET"]}}],"collection":[{"href":"https:\/\/artzendecor.art\/cs\/wp-json\/wp\/v2\/product"}],"about":[{"href":"https:\/\/artzendecor.art\/cs\/wp-json\/wp\/v2\/types\/product"}],"replies":[{"embeddable":true,"href":"https:\/\/artzendecor.art\/cs\/wp-json\/wp\/v2\/comments?post=11590"}],"version-history":[{"count":1,"href":"https:\/\/artzendecor.art\/cs\/wp-json\/wp\/v2\/product\/11590\/revisions"}],"predecessor-version":[{"id":11602,"href":"https:\/\/artzendecor.art\/cs\/wp-json\/wp\/v2\/product\/11590\/revisions\/11602"}],"wp:featuredmedia":[{"embeddable":true,"href":"https:\/\/artzendecor.art\/cs\/wp-json\/wp\/v2\/media\/11599"}],"wp:attachment":[{"href":"https:\/\/artzendecor.art\/cs\/wp-json\/wp\/v2\/media?parent=11590"}],"wp:term":[{"taxonomy":"product_brand","embeddable":true,"href":"https:\/\/artzendecor.art\/cs\/wp-json\/wp\/v2\/product_brand?post=11590"},{"taxonomy":"product_cat","embeddable":true,"href":"https:\/\/artzendecor.art\/cs\/wp-json\/wp\/v2\/product_cat?post=11590"},{"taxonomy":"product_tag","embeddable":true,"href":"https:\/\/artzendecor.art\/cs\/wp-json\/wp\/v2\/product_tag?post=11590"}],"curies":[{"name":"wp","href":"https:\/\/api.w.org\/{rel}","templated":true}]}}