{"id":11618,"date":"2025-02-17T22:49:43","date_gmt":"2025-02-17T22:49:43","guid":{"rendered":"https:\/\/artzendecor.art\/?post_type=product&#038;p=11618"},"modified":"2025-02-17T22:49:43","modified_gmt":"2025-02-17T22:49:43","slug":"terra-essence-soy-wax-candle-in-handcrafted-organic-grey-cement-bowl","status":"publish","type":"product","link":"https:\/\/artzendecor.art\/cs\/collections\/terra-essence-soy-wax-candle-in-handcrafted-organic-grey-cement-bowl\/","title":{"rendered":"Sv\u00ed\u010dka Terra Essence ze s\u00f3jov\u00e9ho vosku v ru\u010dn\u011b vyr\u00e1b\u011bn\u00e9 organick\u00e9 \u0161ed\u00e9 cementov\u00e9 misce"},"content":{"rendered":"","protected":false},"excerpt":{"rendered":"<p>Sv\u00ed\u010dka Terra Essence \u2013 100% sojov\u00fd vosk, 525g, 12\u00d76cm. Ekologick\u00e1 cementov\u00e1 m\u00edsa z organick\u00e9ho materi\u00e1lu pro dekoraci, atmosf\u00e9ru a op\u011btovn\u00e9 pou\u017eit\u00ed.<\/p>","protected":false},"featured_media":11645,"comment_status":"open","ping_status":"closed","template":"","meta":{"_acf_changed":false},"product_brand":[],"product_cat":[404],"product_tag":[],"class_list":{"0":"post-11618","1":"product","2":"type-product","3":"status-publish","4":"has-post-thumbnail","6":"product_cat-candles","8":"first","9":"instock","10":"shipping-taxable","11":"purchasable","12":"product-type-variable","13":"has-default-attributes"},"acf":[],"_links":{"self":[{"href":"https:\/\/artzendecor.art\/cs\/wp-json\/wp\/v2\/product\/11618","targetHints":{"allow":["GET"]}}],"collection":[{"href":"https:\/\/artzendecor.art\/cs\/wp-json\/wp\/v2\/product"}],"about":[{"href":"https:\/\/artzendecor.art\/cs\/wp-json\/wp\/v2\/types\/product"}],"replies":[{"embeddable":true,"href":"https:\/\/artzendecor.art\/cs\/wp-json\/wp\/v2\/comments?post=11618"}],"version-history":[{"count":1,"href":"https:\/\/artzendecor.art\/cs\/wp-json\/wp\/v2\/product\/11618\/revisions"}],"predecessor-version":[{"id":11646,"href":"https:\/\/artzendecor.art\/cs\/wp-json\/wp\/v2\/product\/11618\/revisions\/11646"}],"wp:featuredmedia":[{"embeddable":true,"href":"https:\/\/artzendecor.art\/cs\/wp-json\/wp\/v2\/media\/11645"}],"wp:attachment":[{"href":"https:\/\/artzendecor.art\/cs\/wp-json\/wp\/v2\/media?parent=11618"}],"wp:term":[{"taxonomy":"product_brand","embeddable":true,"href":"https:\/\/artzendecor.art\/cs\/wp-json\/wp\/v2\/product_brand?post=11618"},{"taxonomy":"product_cat","embeddable":true,"href":"https:\/\/artzendecor.art\/cs\/wp-json\/wp\/v2\/product_cat?post=11618"},{"taxonomy":"product_tag","embeddable":true,"href":"https:\/\/artzendecor.art\/cs\/wp-json\/wp\/v2\/product_tag?post=11618"}],"curies":[{"name":"wp","href":"https:\/\/api.w.org\/{rel}","templated":true}]}}