{"id":11663,"date":"2025-02-19T12:17:34","date_gmt":"2025-02-19T12:17:34","guid":{"rendered":"https:\/\/artzendecor.art\/?post_type=product&#038;p=11663"},"modified":"2025-02-19T12:38:43","modified_gmt":"2025-02-19T12:38:43","slug":"botanical-soy-wax-candle-in-handcrafted-organic-grey-cement-bowl","status":"publish","type":"product","link":"https:\/\/artzendecor.art\/cs\/collections\/botanical-soy-wax-candle-in-handcrafted-organic-grey-cement-bowl\/","title":{"rendered":"Botanick\u00e1 sv\u00ed\u010dka ze s\u00f3jov\u00e9ho vosku v ru\u010dn\u011b vyr\u00e1b\u011bn\u00e9 organick\u00e9 \u0161ed\u00e9 cementov\u00e9 misce"},"content":{"rendered":"","protected":false},"excerpt":{"rendered":"<p>Botanical Bowl Candle \u2013 525 g s\u00f3jov\u00e9ho vosku v biologicky odbourateln\u00e9 cementov\u00e9 misce s kv\u011btinov\u00fdmi voskov\u00fdmi detaily. Udr\u017eiteln\u00e9, elegantn\u00ed a opakovan\u011b pou\u017eiteln\u00e9.<\/p>","protected":false},"featured_media":11686,"comment_status":"open","ping_status":"closed","template":"","meta":{"_acf_changed":false},"product_brand":[],"product_cat":[404],"product_tag":[],"class_list":{"0":"post-11663","1":"product","2":"type-product","3":"status-publish","4":"has-post-thumbnail","6":"product_cat-candles","8":"first","9":"instock","10":"shipping-taxable","11":"purchasable","12":"product-type-variable","13":"has-default-attributes"},"acf":[],"_links":{"self":[{"href":"https:\/\/artzendecor.art\/cs\/wp-json\/wp\/v2\/product\/11663","targetHints":{"allow":["GET"]}}],"collection":[{"href":"https:\/\/artzendecor.art\/cs\/wp-json\/wp\/v2\/product"}],"about":[{"href":"https:\/\/artzendecor.art\/cs\/wp-json\/wp\/v2\/types\/product"}],"replies":[{"embeddable":true,"href":"https:\/\/artzendecor.art\/cs\/wp-json\/wp\/v2\/comments?post=11663"}],"version-history":[{"count":2,"href":"https:\/\/artzendecor.art\/cs\/wp-json\/wp\/v2\/product\/11663\/revisions"}],"predecessor-version":[{"id":11690,"href":"https:\/\/artzendecor.art\/cs\/wp-json\/wp\/v2\/product\/11663\/revisions\/11690"}],"wp:featuredmedia":[{"embeddable":true,"href":"https:\/\/artzendecor.art\/cs\/wp-json\/wp\/v2\/media\/11686"}],"wp:attachment":[{"href":"https:\/\/artzendecor.art\/cs\/wp-json\/wp\/v2\/media?parent=11663"}],"wp:term":[{"taxonomy":"product_brand","embeddable":true,"href":"https:\/\/artzendecor.art\/cs\/wp-json\/wp\/v2\/product_brand?post=11663"},{"taxonomy":"product_cat","embeddable":true,"href":"https:\/\/artzendecor.art\/cs\/wp-json\/wp\/v2\/product_cat?post=11663"},{"taxonomy":"product_tag","embeddable":true,"href":"https:\/\/artzendecor.art\/cs\/wp-json\/wp\/v2\/product_tag?post=11663"}],"curies":[{"name":"wp","href":"https:\/\/api.w.org\/{rel}","templated":true}]}}