{"id":8351,"date":"2024-11-22T04:37:01","date_gmt":"2024-11-22T04:37:01","guid":{"rendered":"https:\/\/artzendecor.art\/?post_type=product&#038;p=8351"},"modified":"2025-02-09T11:14:05","modified_gmt":"2025-02-09T11:14:05","slug":"echo-of-the-ocean-spiral","status":"publish","type":"product","link":"https:\/\/artzendecor.art\/cs\/collections\/echo-of-the-ocean-spiral\/","title":{"rendered":"Spir\u00e1la Echo of the Ocean 20 x 60 cm*3"},"content":{"rendered":"","protected":false},"excerpt":{"rendered":"<p>Poklidn\u00fd triptych se spir\u00e1lou mu\u0161l\u00ed v jemn\u00fdch b\u00e9\u017eov\u00fdch a r\u016f\u017eov\u00fdch t\u00f3nech, zt\u011bles\u0148uj\u00edc\u00ed harmonii p\u0159\u00edrody a dod\u00e1vaj\u00edc\u00ed ka\u017ed\u00e9mu interi\u00e9ru klid.<\/p>","protected":false},"featured_media":9324,"comment_status":"open","ping_status":"closed","template":"","meta":{"_acf_changed":false},"product_brand":[],"product_cat":[395,399],"product_tag":[],"class_list":{"0":"post-8351","1":"product","2":"type-product","3":"status-publish","4":"has-post-thumbnail","6":"product_cat-art","7":"product_cat-paintings","9":"first","10":"outofstock","11":"sold-individually","12":"shipping-taxable","13":"purchasable","14":"product-type-simple"},"acf":[],"_links":{"self":[{"href":"https:\/\/artzendecor.art\/cs\/wp-json\/wp\/v2\/product\/8351","targetHints":{"allow":["GET"]}}],"collection":[{"href":"https:\/\/artzendecor.art\/cs\/wp-json\/wp\/v2\/product"}],"about":[{"href":"https:\/\/artzendecor.art\/cs\/wp-json\/wp\/v2\/types\/product"}],"replies":[{"embeddable":true,"href":"https:\/\/artzendecor.art\/cs\/wp-json\/wp\/v2\/comments?post=8351"}],"version-history":[{"count":0,"href":"https:\/\/artzendecor.art\/cs\/wp-json\/wp\/v2\/product\/8351\/revisions"}],"wp:featuredmedia":[{"embeddable":true,"href":"https:\/\/artzendecor.art\/cs\/wp-json\/wp\/v2\/media\/9324"}],"wp:attachment":[{"href":"https:\/\/artzendecor.art\/cs\/wp-json\/wp\/v2\/media?parent=8351"}],"wp:term":[{"taxonomy":"product_brand","embeddable":true,"href":"https:\/\/artzendecor.art\/cs\/wp-json\/wp\/v2\/product_brand?post=8351"},{"taxonomy":"product_cat","embeddable":true,"href":"https:\/\/artzendecor.art\/cs\/wp-json\/wp\/v2\/product_cat?post=8351"},{"taxonomy":"product_tag","embeddable":true,"href":"https:\/\/artzendecor.art\/cs\/wp-json\/wp\/v2\/product_tag?post=8351"}],"curies":[{"name":"wp","href":"https:\/\/api.w.org\/{rel}","templated":true}]}}