{"id":9608,"date":"2024-12-16T18:10:16","date_gmt":"2024-12-16T18:10:16","guid":{"rendered":"https:\/\/artzendecor.art\/?post_type=product&#038;p=9608"},"modified":"2025-03-04T22:32:41","modified_gmt":"2025-03-04T22:32:41","slug":"ivory-wave-ceramic-vase","status":"publish","type":"product","link":"https:\/\/artzendecor.art\/cs\/collections\/ivory-wave-ceramic-vase\/","title":{"rendered":"Keramick\u00e1 v\u00e1za s vlnovou slonovinou"},"content":{"rendered":"","protected":false},"excerpt":{"rendered":"<div>Ivory Wave Vase je kr\u00e1sn\u011b ru\u010dn\u011b vyroben\u00fd keramick\u00fd kus z Portugalska, navr\u017een\u00fd tak, aby do va\u0161eho prostoru vnesl nen\u00e1padnou eleganci a um\u011bleck\u00e9 kouzlo.<\/div>","protected":false},"featured_media":9555,"comment_status":"open","ping_status":"closed","template":"","meta":{"_acf_changed":false},"product_brand":[],"product_cat":[403],"product_tag":[],"class_list":{"0":"post-9608","1":"product","2":"type-product","3":"status-publish","4":"has-post-thumbnail","6":"product_cat-vases","8":"first","9":"instock","10":"sale","11":"sold-individually","12":"shipping-taxable","13":"purchasable","14":"product-type-simple"},"acf":[],"_links":{"self":[{"href":"https:\/\/artzendecor.art\/cs\/wp-json\/wp\/v2\/product\/9608","targetHints":{"allow":["GET"]}}],"collection":[{"href":"https:\/\/artzendecor.art\/cs\/wp-json\/wp\/v2\/product"}],"about":[{"href":"https:\/\/artzendecor.art\/cs\/wp-json\/wp\/v2\/types\/product"}],"replies":[{"embeddable":true,"href":"https:\/\/artzendecor.art\/cs\/wp-json\/wp\/v2\/comments?post=9608"}],"version-history":[{"count":1,"href":"https:\/\/artzendecor.art\/cs\/wp-json\/wp\/v2\/product\/9608\/revisions"}],"predecessor-version":[{"id":11952,"href":"https:\/\/artzendecor.art\/cs\/wp-json\/wp\/v2\/product\/9608\/revisions\/11952"}],"wp:featuredmedia":[{"embeddable":true,"href":"https:\/\/artzendecor.art\/cs\/wp-json\/wp\/v2\/media\/9555"}],"wp:attachment":[{"href":"https:\/\/artzendecor.art\/cs\/wp-json\/wp\/v2\/media?parent=9608"}],"wp:term":[{"taxonomy":"product_brand","embeddable":true,"href":"https:\/\/artzendecor.art\/cs\/wp-json\/wp\/v2\/product_brand?post=9608"},{"taxonomy":"product_cat","embeddable":true,"href":"https:\/\/artzendecor.art\/cs\/wp-json\/wp\/v2\/product_cat?post=9608"},{"taxonomy":"product_tag","embeddable":true,"href":"https:\/\/artzendecor.art\/cs\/wp-json\/wp\/v2\/product_tag?post=9608"}],"curies":[{"name":"wp","href":"https:\/\/api.w.org\/{rel}","templated":true}]}}