{"id":9611,"date":"2024-12-16T18:22:32","date_gmt":"2024-12-16T18:22:32","guid":{"rendered":"https:\/\/artzendecor.art\/?post_type=product&#038;p=9611"},"modified":"2025-02-02T00:19:39","modified_gmt":"2025-02-02T00:19:39","slug":"glacier-texture-ceramic-vase","status":"publish","type":"product","link":"https:\/\/artzendecor.art\/cs\/collections\/glacier-texture-ceramic-vase\/","title":{"rendered":"Glacier Texture Keramick\u00e1 v\u00e1za"},"content":{"rendered":"","protected":false},"excerpt":{"rendered":"<div>Glacier Texture Vase je ohromuj\u00edc\u00ed keramick\u00fd kousek ru\u010dn\u011b vyroben\u00fd v Portugalsku, navr\u017een\u00fd tak, aby p\u0159inesl klidnou kr\u00e1su p\u0159\u00edrodn\u00edch textur do va\u0161eho domova. Tato v\u00e1za se sv\u00fdm n\u00e1padn\u00fdm skvrnit\u00fdm povrchem a vysokou elegantn\u00ed siluetou odr\u00e1\u017e\u00ed syrovou p\u0159ita\u017elivost ledovcov\u00e9 krajiny a z\u00e1rove\u0148 dod\u00e1v\u00e1 ka\u017ed\u00e9mu prostoru sou\u010dasn\u00fd n\u00e1dech.<\/div>\n<div><\/div>","protected":false},"featured_media":9569,"comment_status":"open","ping_status":"closed","template":"","meta":{"_acf_changed":false},"product_brand":[],"product_cat":[403],"product_tag":[],"class_list":{"0":"post-9611","1":"product","2":"type-product","3":"status-publish","4":"has-post-thumbnail","6":"product_cat-vases","8":"first","9":"instock","10":"sale","11":"shipping-taxable","12":"purchasable","13":"product-type-simple"},"acf":[],"_links":{"self":[{"href":"https:\/\/artzendecor.art\/cs\/wp-json\/wp\/v2\/product\/9611","targetHints":{"allow":["GET"]}}],"collection":[{"href":"https:\/\/artzendecor.art\/cs\/wp-json\/wp\/v2\/product"}],"about":[{"href":"https:\/\/artzendecor.art\/cs\/wp-json\/wp\/v2\/types\/product"}],"replies":[{"embeddable":true,"href":"https:\/\/artzendecor.art\/cs\/wp-json\/wp\/v2\/comments?post=9611"}],"version-history":[{"count":0,"href":"https:\/\/artzendecor.art\/cs\/wp-json\/wp\/v2\/product\/9611\/revisions"}],"wp:featuredmedia":[{"embeddable":true,"href":"https:\/\/artzendecor.art\/cs\/wp-json\/wp\/v2\/media\/9569"}],"wp:attachment":[{"href":"https:\/\/artzendecor.art\/cs\/wp-json\/wp\/v2\/media?parent=9611"}],"wp:term":[{"taxonomy":"product_brand","embeddable":true,"href":"https:\/\/artzendecor.art\/cs\/wp-json\/wp\/v2\/product_brand?post=9611"},{"taxonomy":"product_cat","embeddable":true,"href":"https:\/\/artzendecor.art\/cs\/wp-json\/wp\/v2\/product_cat?post=9611"},{"taxonomy":"product_tag","embeddable":true,"href":"https:\/\/artzendecor.art\/cs\/wp-json\/wp\/v2\/product_tag?post=9611"}],"curies":[{"name":"wp","href":"https:\/\/api.w.org\/{rel}","templated":true}]}}