{"id":10661,"date":"2025-02-02T23:50:07","date_gmt":"2025-02-02T23:50:07","guid":{"rendered":"https:\/\/artzendecor.art\/?post_type=product&#038;p=10661"},"modified":"2025-02-18T12:50:26","modified_gmt":"2025-02-18T12:50:26","slug":"ocean-whisper-shell-handcrafted-soy-candle","status":"publish","type":"product","link":"https:\/\/artzendecor.art\/de\/collections\/ocean-whisper-shell-handcrafted-soy-candle\/","title":{"rendered":"Ocean Whisper Shell \u2013 handgefertigte Sojakerze"},"content":{"rendered":"","protected":false},"excerpt":{"rendered":"<p class=\"p1\">Ocean Whisper Shell Candle \u2013 100% Sojawachs, 180 g, 9 \u00d7 7 cm. K\u00fcsteninspiriertes Design f\u00fcr elegante Dekoration, Entspannung und als Geschenk.<\/p>","protected":false},"featured_media":10665,"comment_status":"open","ping_status":"closed","template":"","meta":{"_acf_changed":false},"product_brand":[],"product_cat":[404],"product_tag":[],"class_list":{"0":"post-10661","1":"product","2":"type-product","3":"status-publish","4":"has-post-thumbnail","6":"product_cat-candles","8":"first","9":"instock","10":"sale","11":"shipping-taxable","12":"purchasable","13":"product-type-variable","14":"has-default-attributes"},"acf":[],"_links":{"self":[{"href":"https:\/\/artzendecor.art\/de\/wp-json\/wp\/v2\/product\/10661","targetHints":{"allow":["GET"]}}],"collection":[{"href":"https:\/\/artzendecor.art\/de\/wp-json\/wp\/v2\/product"}],"about":[{"href":"https:\/\/artzendecor.art\/de\/wp-json\/wp\/v2\/types\/product"}],"replies":[{"embeddable":true,"href":"https:\/\/artzendecor.art\/de\/wp-json\/wp\/v2\/comments?post=10661"}],"version-history":[{"count":0,"href":"https:\/\/artzendecor.art\/de\/wp-json\/wp\/v2\/product\/10661\/revisions"}],"wp:featuredmedia":[{"embeddable":true,"href":"https:\/\/artzendecor.art\/de\/wp-json\/wp\/v2\/media\/10665"}],"wp:attachment":[{"href":"https:\/\/artzendecor.art\/de\/wp-json\/wp\/v2\/media?parent=10661"}],"wp:term":[{"taxonomy":"product_brand","embeddable":true,"href":"https:\/\/artzendecor.art\/de\/wp-json\/wp\/v2\/product_brand?post=10661"},{"taxonomy":"product_cat","embeddable":true,"href":"https:\/\/artzendecor.art\/de\/wp-json\/wp\/v2\/product_cat?post=10661"},{"taxonomy":"product_tag","embeddable":true,"href":"https:\/\/artzendecor.art\/de\/wp-json\/wp\/v2\/product_tag?post=10661"}],"curies":[{"name":"wp","href":"https:\/\/api.w.org\/{rel}","templated":true}]}}