{"id":11013,"date":"2025-02-06T23:22:19","date_gmt":"2025-02-06T23:22:19","guid":{"rendered":"https:\/\/artzendecor.art\/?post_type=product&#038;p=11013"},"modified":"2025-02-11T20:39:38","modified_gmt":"2025-02-11T20:39:38","slug":"botanica-luxe-candle-handcrafted-organic-cement-bowl","status":"publish","type":"product","link":"https:\/\/artzendecor.art\/de\/collections\/botanica-luxe-candle-handcrafted-organic-cement-bowl\/","title":{"rendered":"Botanica Luxe Candle \u2013 Handgefertigte Schale aus organischem, grauem Zement"},"content":{"rendered":"","protected":false},"excerpt":{"rendered":"<p>Botanica Luxe Candle \u2013 100% Sojawachs, 1890 g, 20 \u00d7 6 cm. Geformtes Blumendesign aus organischem Zement f\u00fcr luxuri\u00f6ses Dekor, Ambiente und Wiederverwendung.<\/p>","protected":false},"featured_media":11017,"comment_status":"open","ping_status":"closed","template":"","meta":{"_acf_changed":false},"product_brand":[],"product_cat":[404],"product_tag":[],"class_list":{"0":"post-11013","1":"product","2":"type-product","3":"status-publish","4":"has-post-thumbnail","6":"product_cat-candles","8":"first","9":"instock","10":"shipping-taxable","11":"purchasable","12":"product-type-variable","13":"has-default-attributes"},"acf":[],"_links":{"self":[{"href":"https:\/\/artzendecor.art\/de\/wp-json\/wp\/v2\/product\/11013","targetHints":{"allow":["GET"]}}],"collection":[{"href":"https:\/\/artzendecor.art\/de\/wp-json\/wp\/v2\/product"}],"about":[{"href":"https:\/\/artzendecor.art\/de\/wp-json\/wp\/v2\/types\/product"}],"replies":[{"embeddable":true,"href":"https:\/\/artzendecor.art\/de\/wp-json\/wp\/v2\/comments?post=11013"}],"version-history":[{"count":0,"href":"https:\/\/artzendecor.art\/de\/wp-json\/wp\/v2\/product\/11013\/revisions"}],"wp:featuredmedia":[{"embeddable":true,"href":"https:\/\/artzendecor.art\/de\/wp-json\/wp\/v2\/media\/11017"}],"wp:attachment":[{"href":"https:\/\/artzendecor.art\/de\/wp-json\/wp\/v2\/media?parent=11013"}],"wp:term":[{"taxonomy":"product_brand","embeddable":true,"href":"https:\/\/artzendecor.art\/de\/wp-json\/wp\/v2\/product_brand?post=11013"},{"taxonomy":"product_cat","embeddable":true,"href":"https:\/\/artzendecor.art\/de\/wp-json\/wp\/v2\/product_cat?post=11013"},{"taxonomy":"product_tag","embeddable":true,"href":"https:\/\/artzendecor.art\/de\/wp-json\/wp\/v2\/product_tag?post=11013"}],"curies":[{"name":"wp","href":"https:\/\/api.w.org\/{rel}","templated":true}]}}