{"id":10257,"date":"2025-01-31T23:13:34","date_gmt":"2025-01-31T23:13:34","guid":{"rendered":"https:\/\/artzendecor.art\/?post_type=product&#038;p=10257"},"modified":"2025-02-05T19:39:24","modified_gmt":"2025-02-05T19:39:24","slug":"blooming-roses-handcrafted-soy-wax-candles","status":"publish","type":"product","link":"https:\/\/artzendecor.art\/es\/collections\/blooming-roses-handcrafted-soy-wax-candles\/","title":{"rendered":"Set de rosas florecientes: velas de cera de soja hechas a mano"},"content":{"rendered":"","protected":false},"excerpt":{"rendered":"<p>Juego de velas Blooming Rose: cera de soja 100%, mecha de algod\u00f3n, 222 g y 75 g. Dise\u00f1o floral hecho a mano para una decoraci\u00f3n elegante y para regalar.<\/p>","protected":false},"featured_media":10651,"comment_status":"open","ping_status":"closed","template":"","meta":{"_acf_changed":false},"product_brand":[],"product_cat":[404],"product_tag":[],"class_list":{"0":"post-10257","1":"product","2":"type-product","3":"status-publish","4":"has-post-thumbnail","6":"product_cat-candles","8":"first","9":"instock","10":"sale","11":"shipping-taxable","12":"purchasable","13":"product-type-variable","14":"has-default-attributes"},"acf":[],"_links":{"self":[{"href":"https:\/\/artzendecor.art\/es\/wp-json\/wp\/v2\/product\/10257","targetHints":{"allow":["GET"]}}],"collection":[{"href":"https:\/\/artzendecor.art\/es\/wp-json\/wp\/v2\/product"}],"about":[{"href":"https:\/\/artzendecor.art\/es\/wp-json\/wp\/v2\/types\/product"}],"replies":[{"embeddable":true,"href":"https:\/\/artzendecor.art\/es\/wp-json\/wp\/v2\/comments?post=10257"}],"version-history":[{"count":0,"href":"https:\/\/artzendecor.art\/es\/wp-json\/wp\/v2\/product\/10257\/revisions"}],"wp:featuredmedia":[{"embeddable":true,"href":"https:\/\/artzendecor.art\/es\/wp-json\/wp\/v2\/media\/10651"}],"wp:attachment":[{"href":"https:\/\/artzendecor.art\/es\/wp-json\/wp\/v2\/media?parent=10257"}],"wp:term":[{"taxonomy":"product_brand","embeddable":true,"href":"https:\/\/artzendecor.art\/es\/wp-json\/wp\/v2\/product_brand?post=10257"},{"taxonomy":"product_cat","embeddable":true,"href":"https:\/\/artzendecor.art\/es\/wp-json\/wp\/v2\/product_cat?post=10257"},{"taxonomy":"product_tag","embeddable":true,"href":"https:\/\/artzendecor.art\/es\/wp-json\/wp\/v2\/product_tag?post=10257"}],"curies":[{"name":"wp","href":"https:\/\/api.w.org\/{rel}","templated":true}]}}