{"id":10903,"date":"2025-02-05T22:29:04","date_gmt":"2025-02-05T22:29:04","guid":{"rendered":"https:\/\/artzendecor.art\/?post_type=product&#038;p=10903"},"modified":"2025-02-11T20:43:09","modified_gmt":"2025-02-11T20:43:09","slug":"blush-bloom-handcrafted-soy-candle-in-ceramic-rose-cup","status":"publish","type":"product","link":"https:\/\/artzendecor.art\/es\/collections\/blush-bloom-handcrafted-soy-candle-in-ceramic-rose-cup\/","title":{"rendered":"Blush Bloom \u2013 Vela de soja artesanal en vaso de cer\u00e1mica con forma de rosa"},"content":{"rendered":"","protected":false},"excerpt":{"rendered":"<p>Vela Blush Bloom \u2013 100% de cera de soja, 300 g, 7 x 7 cm. Taza de cer\u00e1mica rosa con dise\u00f1o floral para una decoraci\u00f3n elegante, un ambiente agradable y un regalo.<\/p>","protected":false},"featured_media":10907,"comment_status":"open","ping_status":"closed","template":"","meta":{"_acf_changed":false},"product_brand":[],"product_cat":[404],"product_tag":[],"class_list":{"0":"post-10903","1":"product","2":"type-product","3":"status-publish","4":"has-post-thumbnail","6":"product_cat-candles","8":"first","9":"instock","10":"shipping-taxable","11":"purchasable","12":"product-type-simple"},"acf":[],"_links":{"self":[{"href":"https:\/\/artzendecor.art\/es\/wp-json\/wp\/v2\/product\/10903","targetHints":{"allow":["GET"]}}],"collection":[{"href":"https:\/\/artzendecor.art\/es\/wp-json\/wp\/v2\/product"}],"about":[{"href":"https:\/\/artzendecor.art\/es\/wp-json\/wp\/v2\/types\/product"}],"replies":[{"embeddable":true,"href":"https:\/\/artzendecor.art\/es\/wp-json\/wp\/v2\/comments?post=10903"}],"version-history":[{"count":0,"href":"https:\/\/artzendecor.art\/es\/wp-json\/wp\/v2\/product\/10903\/revisions"}],"wp:featuredmedia":[{"embeddable":true,"href":"https:\/\/artzendecor.art\/es\/wp-json\/wp\/v2\/media\/10907"}],"wp:attachment":[{"href":"https:\/\/artzendecor.art\/es\/wp-json\/wp\/v2\/media?parent=10903"}],"wp:term":[{"taxonomy":"product_brand","embeddable":true,"href":"https:\/\/artzendecor.art\/es\/wp-json\/wp\/v2\/product_brand?post=10903"},{"taxonomy":"product_cat","embeddable":true,"href":"https:\/\/artzendecor.art\/es\/wp-json\/wp\/v2\/product_cat?post=10903"},{"taxonomy":"product_tag","embeddable":true,"href":"https:\/\/artzendecor.art\/es\/wp-json\/wp\/v2\/product_tag?post=10903"}],"curies":[{"name":"wp","href":"https:\/\/api.w.org\/{rel}","templated":true}]}}