{"id":10909,"date":"2025-02-05T22:40:16","date_gmt":"2025-02-05T22:40:16","guid":{"rendered":"https:\/\/artzendecor.art\/?post_type=product&#038;p=10909"},"modified":"2025-02-21T15:14:24","modified_gmt":"2025-02-21T15:14:24","slug":"scarlet-heart-set-handcrafted-soy-candles-in-ceramic-red-cups","status":"publish","type":"product","link":"https:\/\/artzendecor.art\/es\/collections\/scarlet-heart-set-handcrafted-soy-candles-in-ceramic-red-cups\/","title":{"rendered":"Set Coraz\u00f3n Escarlata \u2013 Velas de soja artesanales en vasos de cer\u00e1mica rojos"},"content":{"rendered":"","protected":false},"excerpt":{"rendered":"<p>Juego de velas Coraz\u00f3n Escarlata \u2013 100% cera de soja, 860 g y 490 g. Dise\u00f1o de cer\u00e1mica roja para una decoraci\u00f3n rom\u00e1ntica, un ambiente elegante y reutilizable.<\/p>","protected":false},"featured_media":10913,"comment_status":"open","ping_status":"closed","template":"","meta":{"_acf_changed":false},"product_brand":[],"product_cat":[404],"product_tag":[],"class_list":{"0":"post-10909","1":"product","2":"type-product","3":"status-publish","4":"has-post-thumbnail","6":"product_cat-candles","8":"first","9":"instock","10":"sale","11":"shipping-taxable","12":"purchasable","13":"product-type-simple"},"acf":[],"_links":{"self":[{"href":"https:\/\/artzendecor.art\/es\/wp-json\/wp\/v2\/product\/10909","targetHints":{"allow":["GET"]}}],"collection":[{"href":"https:\/\/artzendecor.art\/es\/wp-json\/wp\/v2\/product"}],"about":[{"href":"https:\/\/artzendecor.art\/es\/wp-json\/wp\/v2\/types\/product"}],"replies":[{"embeddable":true,"href":"https:\/\/artzendecor.art\/es\/wp-json\/wp\/v2\/comments?post=10909"}],"version-history":[{"count":1,"href":"https:\/\/artzendecor.art\/es\/wp-json\/wp\/v2\/product\/10909\/revisions"}],"predecessor-version":[{"id":11935,"href":"https:\/\/artzendecor.art\/es\/wp-json\/wp\/v2\/product\/10909\/revisions\/11935"}],"wp:featuredmedia":[{"embeddable":true,"href":"https:\/\/artzendecor.art\/es\/wp-json\/wp\/v2\/media\/10913"}],"wp:attachment":[{"href":"https:\/\/artzendecor.art\/es\/wp-json\/wp\/v2\/media?parent=10909"}],"wp:term":[{"taxonomy":"product_brand","embeddable":true,"href":"https:\/\/artzendecor.art\/es\/wp-json\/wp\/v2\/product_brand?post=10909"},{"taxonomy":"product_cat","embeddable":true,"href":"https:\/\/artzendecor.art\/es\/wp-json\/wp\/v2\/product_cat?post=10909"},{"taxonomy":"product_tag","embeddable":true,"href":"https:\/\/artzendecor.art\/es\/wp-json\/wp\/v2\/product_tag?post=10909"}],"curies":[{"name":"wp","href":"https:\/\/api.w.org\/{rel}","templated":true}]}}