{"id":10979,"date":"2025-02-06T23:08:56","date_gmt":"2025-02-06T23:08:56","guid":{"rendered":"https:\/\/artzendecor.art\/?post_type=product&#038;p=10979"},"modified":"2025-02-17T22:38:13","modified_gmt":"2025-02-17T22:38:13","slug":"terra-essence-soy-wax-candle-sustainable-serenity-in-organic-cement-bowl","status":"publish","type":"product","link":"https:\/\/artzendecor.art\/es\/collections\/terra-essence-soy-wax-candle-sustainable-serenity-in-organic-cement-bowl\/","title":{"rendered":"Vela de cera de soja Terra Essence en cuenco de cemento negro org\u00e1nico hecho a mano"},"content":{"rendered":"","protected":false},"excerpt":{"rendered":"<p>Vela Terra Essence \u2013 100% de cera de soja, 525 g, 12 x 6 cm. Cuenco de cemento ecol\u00f3gico elaborado con material org\u00e1nico para decoraci\u00f3n, ambientaci\u00f3n y reutilizaci\u00f3n.<\/p>","protected":false},"featured_media":11516,"comment_status":"open","ping_status":"closed","template":"","meta":{"_acf_changed":false},"product_brand":[],"product_cat":[404],"product_tag":[],"class_list":{"0":"post-10979","1":"product","2":"type-product","3":"status-publish","4":"has-post-thumbnail","6":"product_cat-candles","8":"first","9":"instock","10":"shipping-taxable","11":"purchasable","12":"product-type-variable","13":"has-default-attributes"},"acf":[],"_links":{"self":[{"href":"https:\/\/artzendecor.art\/es\/wp-json\/wp\/v2\/product\/10979","targetHints":{"allow":["GET"]}}],"collection":[{"href":"https:\/\/artzendecor.art\/es\/wp-json\/wp\/v2\/product"}],"about":[{"href":"https:\/\/artzendecor.art\/es\/wp-json\/wp\/v2\/types\/product"}],"replies":[{"embeddable":true,"href":"https:\/\/artzendecor.art\/es\/wp-json\/wp\/v2\/comments?post=10979"}],"version-history":[{"count":3,"href":"https:\/\/artzendecor.art\/es\/wp-json\/wp\/v2\/product\/10979\/revisions"}],"predecessor-version":[{"id":11619,"href":"https:\/\/artzendecor.art\/es\/wp-json\/wp\/v2\/product\/10979\/revisions\/11619"}],"wp:featuredmedia":[{"embeddable":true,"href":"https:\/\/artzendecor.art\/es\/wp-json\/wp\/v2\/media\/11516"}],"wp:attachment":[{"href":"https:\/\/artzendecor.art\/es\/wp-json\/wp\/v2\/media?parent=10979"}],"wp:term":[{"taxonomy":"product_brand","embeddable":true,"href":"https:\/\/artzendecor.art\/es\/wp-json\/wp\/v2\/product_brand?post=10979"},{"taxonomy":"product_cat","embeddable":true,"href":"https:\/\/artzendecor.art\/es\/wp-json\/wp\/v2\/product_cat?post=10979"},{"taxonomy":"product_tag","embeddable":true,"href":"https:\/\/artzendecor.art\/es\/wp-json\/wp\/v2\/product_tag?post=10979"}],"curies":[{"name":"wp","href":"https:\/\/api.w.org\/{rel}","templated":true}]}}