{"id":11522,"date":"2025-02-16T18:11:51","date_gmt":"2025-02-16T18:11:51","guid":{"rendered":"https:\/\/artzendecor.art\/?post_type=product&#038;p=11522"},"modified":"2025-02-16T18:18:16","modified_gmt":"2025-02-16T18:18:16","slug":"amour-terra-soy-wax-candle-set-in-handcrafted-organic-brown-concrete","status":"publish","type":"product","link":"https:\/\/artzendecor.art\/es\/collections\/amour-terra-soy-wax-candle-set-in-handcrafted-organic-brown-concrete\/","title":{"rendered":"Juego de velas de cera de soja Amour Terra en hormig\u00f3n marr\u00f3n org\u00e1nico hecho a mano"},"content":{"rendered":"","protected":false},"excerpt":{"rendered":"<p>Juego de velas Amour Terra \u2013 100% cera de soja, 450 g. Vasos de hormig\u00f3n con forma de coraz\u00f3n para una decoraci\u00f3n rom\u00e1ntica, un ambiente y una reutilizaci\u00f3n sostenible.<\/p>","protected":false},"featured_media":11546,"comment_status":"open","ping_status":"closed","template":"","meta":{"_acf_changed":false},"product_brand":[],"product_cat":[404],"product_tag":[],"class_list":{"0":"post-11522","1":"product","2":"type-product","3":"status-publish","4":"has-post-thumbnail","6":"product_cat-candles","8":"first","9":"instock","10":"shipping-taxable","11":"purchasable","12":"product-type-variable","13":"has-default-attributes"},"acf":[],"_links":{"self":[{"href":"https:\/\/artzendecor.art\/es\/wp-json\/wp\/v2\/product\/11522","targetHints":{"allow":["GET"]}}],"collection":[{"href":"https:\/\/artzendecor.art\/es\/wp-json\/wp\/v2\/product"}],"about":[{"href":"https:\/\/artzendecor.art\/es\/wp-json\/wp\/v2\/types\/product"}],"replies":[{"embeddable":true,"href":"https:\/\/artzendecor.art\/es\/wp-json\/wp\/v2\/comments?post=11522"}],"version-history":[{"count":2,"href":"https:\/\/artzendecor.art\/es\/wp-json\/wp\/v2\/product\/11522\/revisions"}],"predecessor-version":[{"id":11548,"href":"https:\/\/artzendecor.art\/es\/wp-json\/wp\/v2\/product\/11522\/revisions\/11548"}],"wp:featuredmedia":[{"embeddable":true,"href":"https:\/\/artzendecor.art\/es\/wp-json\/wp\/v2\/media\/11546"}],"wp:attachment":[{"href":"https:\/\/artzendecor.art\/es\/wp-json\/wp\/v2\/media?parent=11522"}],"wp:term":[{"taxonomy":"product_brand","embeddable":true,"href":"https:\/\/artzendecor.art\/es\/wp-json\/wp\/v2\/product_brand?post=11522"},{"taxonomy":"product_cat","embeddable":true,"href":"https:\/\/artzendecor.art\/es\/wp-json\/wp\/v2\/product_cat?post=11522"},{"taxonomy":"product_tag","embeddable":true,"href":"https:\/\/artzendecor.art\/es\/wp-json\/wp\/v2\/product_tag?post=11522"}],"curies":[{"name":"wp","href":"https:\/\/api.w.org\/{rel}","templated":true}]}}