{"id":11610,"date":"2025-02-17T22:29:55","date_gmt":"2025-02-17T22:29:55","guid":{"rendered":"https:\/\/artzendecor.art\/?post_type=product&#038;p=11610"},"modified":"2025-02-17T22:31:23","modified_gmt":"2025-02-17T22:31:23","slug":"zen-succulent-handcrafted-soy-candle-in-ceramic-buddha-vessel","status":"publish","type":"product","link":"https:\/\/artzendecor.art\/es\/collections\/zen-succulent-handcrafted-soy-candle-in-ceramic-buddha-vessel\/","title":{"rendered":"Suculenta Zen: vela de soja hecha a mano en un recipiente de cer\u00e1mica con forma de Buda"},"content":{"rendered":"","protected":false},"excerpt":{"rendered":"<p>Vela Zen Succulent: 900 g de cera de soja en un recipiente de cer\u00e1mica con forma de Buda y suculentas esculpidas en cera. Perfecta para decoraci\u00f3n, meditaci\u00f3n y reutilizaci\u00f3n.<\/p>","protected":false},"featured_media":11613,"comment_status":"open","ping_status":"closed","template":"","meta":{"_acf_changed":false},"product_brand":[],"product_cat":[404],"product_tag":[],"class_list":{"0":"post-11610","1":"product","2":"type-product","3":"status-publish","4":"has-post-thumbnail","6":"product_cat-candles","8":"first","9":"instock","10":"shipping-taxable","11":"purchasable","12":"product-type-simple"},"acf":[],"_links":{"self":[{"href":"https:\/\/artzendecor.art\/es\/wp-json\/wp\/v2\/product\/11610","targetHints":{"allow":["GET"]}}],"collection":[{"href":"https:\/\/artzendecor.art\/es\/wp-json\/wp\/v2\/product"}],"about":[{"href":"https:\/\/artzendecor.art\/es\/wp-json\/wp\/v2\/types\/product"}],"replies":[{"embeddable":true,"href":"https:\/\/artzendecor.art\/es\/wp-json\/wp\/v2\/comments?post=11610"}],"version-history":[{"count":1,"href":"https:\/\/artzendecor.art\/es\/wp-json\/wp\/v2\/product\/11610\/revisions"}],"predecessor-version":[{"id":11615,"href":"https:\/\/artzendecor.art\/es\/wp-json\/wp\/v2\/product\/11610\/revisions\/11615"}],"wp:featuredmedia":[{"embeddable":true,"href":"https:\/\/artzendecor.art\/es\/wp-json\/wp\/v2\/media\/11613"}],"wp:attachment":[{"href":"https:\/\/artzendecor.art\/es\/wp-json\/wp\/v2\/media?parent=11610"}],"wp:term":[{"taxonomy":"product_brand","embeddable":true,"href":"https:\/\/artzendecor.art\/es\/wp-json\/wp\/v2\/product_brand?post=11610"},{"taxonomy":"product_cat","embeddable":true,"href":"https:\/\/artzendecor.art\/es\/wp-json\/wp\/v2\/product_cat?post=11610"},{"taxonomy":"product_tag","embeddable":true,"href":"https:\/\/artzendecor.art\/es\/wp-json\/wp\/v2\/product_tag?post=11610"}],"curies":[{"name":"wp","href":"https:\/\/api.w.org\/{rel}","templated":true}]}}