{"id":11663,"date":"2025-02-19T12:17:34","date_gmt":"2025-02-19T12:17:34","guid":{"rendered":"https:\/\/artzendecor.art\/?post_type=product&#038;p=11663"},"modified":"2025-02-19T12:38:43","modified_gmt":"2025-02-19T12:38:43","slug":"botanical-soy-wax-candle-in-handcrafted-organic-grey-cement-bowl","status":"publish","type":"product","link":"https:\/\/artzendecor.art\/es\/collections\/botanical-soy-wax-candle-in-handcrafted-organic-grey-cement-bowl\/","title":{"rendered":"Vela de cera de soja bot\u00e1nica en cuenco de cemento gris org\u00e1nico hecho a mano"},"content":{"rendered":"","protected":false},"excerpt":{"rendered":"<p>Vela en cuenco con dise\u00f1o bot\u00e1nico: 525 g de cera de soja en un cuenco de cemento biodegradable con detalles florales. Sostenible, elegante y reutilizable.<\/p>","protected":false},"featured_media":11686,"comment_status":"open","ping_status":"closed","template":"","meta":{"_acf_changed":false},"product_brand":[],"product_cat":[404],"product_tag":[],"class_list":{"0":"post-11663","1":"product","2":"type-product","3":"status-publish","4":"has-post-thumbnail","6":"product_cat-candles","8":"first","9":"instock","10":"shipping-taxable","11":"purchasable","12":"product-type-variable","13":"has-default-attributes"},"acf":[],"_links":{"self":[{"href":"https:\/\/artzendecor.art\/es\/wp-json\/wp\/v2\/product\/11663","targetHints":{"allow":["GET"]}}],"collection":[{"href":"https:\/\/artzendecor.art\/es\/wp-json\/wp\/v2\/product"}],"about":[{"href":"https:\/\/artzendecor.art\/es\/wp-json\/wp\/v2\/types\/product"}],"replies":[{"embeddable":true,"href":"https:\/\/artzendecor.art\/es\/wp-json\/wp\/v2\/comments?post=11663"}],"version-history":[{"count":2,"href":"https:\/\/artzendecor.art\/es\/wp-json\/wp\/v2\/product\/11663\/revisions"}],"predecessor-version":[{"id":11690,"href":"https:\/\/artzendecor.art\/es\/wp-json\/wp\/v2\/product\/11663\/revisions\/11690"}],"wp:featuredmedia":[{"embeddable":true,"href":"https:\/\/artzendecor.art\/es\/wp-json\/wp\/v2\/media\/11686"}],"wp:attachment":[{"href":"https:\/\/artzendecor.art\/es\/wp-json\/wp\/v2\/media?parent=11663"}],"wp:term":[{"taxonomy":"product_brand","embeddable":true,"href":"https:\/\/artzendecor.art\/es\/wp-json\/wp\/v2\/product_brand?post=11663"},{"taxonomy":"product_cat","embeddable":true,"href":"https:\/\/artzendecor.art\/es\/wp-json\/wp\/v2\/product_cat?post=11663"},{"taxonomy":"product_tag","embeddable":true,"href":"https:\/\/artzendecor.art\/es\/wp-json\/wp\/v2\/product_tag?post=11663"}],"curies":[{"name":"wp","href":"https:\/\/api.w.org\/{rel}","templated":true}]}}