{"id":9611,"date":"2024-12-16T18:22:32","date_gmt":"2024-12-16T18:22:32","guid":{"rendered":"https:\/\/artzendecor.art\/?post_type=product&#038;p=9611"},"modified":"2025-02-02T00:19:39","modified_gmt":"2025-02-02T00:19:39","slug":"glacier-texture-ceramic-vase","status":"publish","type":"product","link":"https:\/\/artzendecor.art\/es\/collections\/glacier-texture-ceramic-vase\/","title":{"rendered":"Jarr\u00f3n de cer\u00e1mica con textura de glaciar"},"content":{"rendered":"","protected":false},"excerpt":{"rendered":"<div>El jarr\u00f3n con textura de glaciar es una impresionante pieza de cer\u00e1mica hecha a mano en Portugal, dise\u00f1ada para llevar la serena belleza de las texturas naturales a su hogar. Con su llamativo acabado moteado y su silueta alta y elegante, este jarr\u00f3n refleja el encanto crudo de los paisajes glaciares y, al mismo tiempo, agrega un toque contempor\u00e1neo a cualquier espacio.<\/div>\n<div><\/div>","protected":false},"featured_media":9569,"comment_status":"open","ping_status":"closed","template":"","meta":{"_acf_changed":false},"product_brand":[],"product_cat":[403],"product_tag":[],"class_list":{"0":"post-9611","1":"product","2":"type-product","3":"status-publish","4":"has-post-thumbnail","6":"product_cat-vases","8":"first","9":"instock","10":"sale","11":"shipping-taxable","12":"purchasable","13":"product-type-simple"},"acf":[],"_links":{"self":[{"href":"https:\/\/artzendecor.art\/es\/wp-json\/wp\/v2\/product\/9611","targetHints":{"allow":["GET"]}}],"collection":[{"href":"https:\/\/artzendecor.art\/es\/wp-json\/wp\/v2\/product"}],"about":[{"href":"https:\/\/artzendecor.art\/es\/wp-json\/wp\/v2\/types\/product"}],"replies":[{"embeddable":true,"href":"https:\/\/artzendecor.art\/es\/wp-json\/wp\/v2\/comments?post=9611"}],"version-history":[{"count":0,"href":"https:\/\/artzendecor.art\/es\/wp-json\/wp\/v2\/product\/9611\/revisions"}],"wp:featuredmedia":[{"embeddable":true,"href":"https:\/\/artzendecor.art\/es\/wp-json\/wp\/v2\/media\/9569"}],"wp:attachment":[{"href":"https:\/\/artzendecor.art\/es\/wp-json\/wp\/v2\/media?parent=9611"}],"wp:term":[{"taxonomy":"product_brand","embeddable":true,"href":"https:\/\/artzendecor.art\/es\/wp-json\/wp\/v2\/product_brand?post=9611"},{"taxonomy":"product_cat","embeddable":true,"href":"https:\/\/artzendecor.art\/es\/wp-json\/wp\/v2\/product_cat?post=9611"},{"taxonomy":"product_tag","embeddable":true,"href":"https:\/\/artzendecor.art\/es\/wp-json\/wp\/v2\/product_tag?post=9611"}],"curies":[{"name":"wp","href":"https:\/\/api.w.org\/{rel}","templated":true}]}}