{"id":10269,"date":"2025-01-31T22:54:39","date_gmt":"2025-01-31T22:54:39","guid":{"rendered":"https:\/\/artzendecor.art\/?post_type=product&#038;p=10269"},"modified":"2025-02-05T19:36:23","modified_gmt":"2025-02-05T19:36:23","slug":"ethereal-blossom-candle","status":"publish","type":"product","link":"https:\/\/artzendecor.art\/fr\/collections\/ethereal-blossom-candle\/","title":{"rendered":"Ethereal Blossom \u2013 Bougie artisanale en cire de soja"},"content":{"rendered":"","protected":false},"excerpt":{"rendered":"<p>Bougie Ethereal Blossom \u2013 100% cire de soja, m\u00e8che en coton, 260 g, 7 x 8-9 cm. Design de dahlia fabriqu\u00e9 \u00e0 la main pour l&#039;\u00e9l\u00e9gance, la d\u00e9tente et le cadeau.<\/p>","protected":false},"featured_media":10448,"comment_status":"open","ping_status":"closed","template":"","meta":{"_acf_changed":false},"product_brand":[],"product_cat":[404],"product_tag":[],"class_list":{"0":"post-10269","1":"product","2":"type-product","3":"status-publish","4":"has-post-thumbnail","6":"product_cat-candles","8":"first","9":"instock","10":"sale","11":"shipping-taxable","12":"purchasable","13":"product-type-variable","14":"has-default-attributes"},"acf":[],"_links":{"self":[{"href":"https:\/\/artzendecor.art\/fr\/wp-json\/wp\/v2\/product\/10269","targetHints":{"allow":["GET"]}}],"collection":[{"href":"https:\/\/artzendecor.art\/fr\/wp-json\/wp\/v2\/product"}],"about":[{"href":"https:\/\/artzendecor.art\/fr\/wp-json\/wp\/v2\/types\/product"}],"replies":[{"embeddable":true,"href":"https:\/\/artzendecor.art\/fr\/wp-json\/wp\/v2\/comments?post=10269"}],"version-history":[{"count":0,"href":"https:\/\/artzendecor.art\/fr\/wp-json\/wp\/v2\/product\/10269\/revisions"}],"wp:featuredmedia":[{"embeddable":true,"href":"https:\/\/artzendecor.art\/fr\/wp-json\/wp\/v2\/media\/10448"}],"wp:attachment":[{"href":"https:\/\/artzendecor.art\/fr\/wp-json\/wp\/v2\/media?parent=10269"}],"wp:term":[{"taxonomy":"product_brand","embeddable":true,"href":"https:\/\/artzendecor.art\/fr\/wp-json\/wp\/v2\/product_brand?post=10269"},{"taxonomy":"product_cat","embeddable":true,"href":"https:\/\/artzendecor.art\/fr\/wp-json\/wp\/v2\/product_cat?post=10269"},{"taxonomy":"product_tag","embeddable":true,"href":"https:\/\/artzendecor.art\/fr\/wp-json\/wp\/v2\/product_tag?post=10269"}],"curies":[{"name":"wp","href":"https:\/\/api.w.org\/{rel}","templated":true}]}}