{"id":10272,"date":"2025-01-31T22:35:22","date_gmt":"2025-01-31T22:35:22","guid":{"rendered":"https:\/\/artzendecor.art\/?post_type=product&#038;p=10272"},"modified":"2025-02-06T15:48:43","modified_gmt":"2025-02-06T15:48:43","slug":"heart-glow-wooden-wick-candles","status":"publish","type":"product","link":"https:\/\/artzendecor.art\/fr\/collections\/heart-glow-wooden-wick-candles\/","title":{"rendered":"Ensemble de m\u00e8ches en bois Heart Glow \u2013 Bougies en cire de soja fabriqu\u00e9es \u00e0 la main"},"content":{"rendered":"","protected":false},"excerpt":{"rendered":"<p>Coffret de bougies HeartGlow \u2013 100% cire d&#039;olive, m\u00e8che en bois, 100 g chacune. Design en forme de c\u0153ur fabriqu\u00e9 \u00e0 la main pour une ambiance chaleureuse et un cadeau.<\/p>","protected":false},"featured_media":10442,"comment_status":"open","ping_status":"closed","template":"","meta":{"_acf_changed":false},"product_brand":[],"product_cat":[404],"product_tag":[],"class_list":{"0":"post-10272","1":"product","2":"type-product","3":"status-publish","4":"has-post-thumbnail","6":"product_cat-candles","8":"first","9":"instock","10":"sale","11":"sold-individually","12":"shipping-taxable","13":"purchasable","14":"product-type-simple"},"acf":[],"_links":{"self":[{"href":"https:\/\/artzendecor.art\/fr\/wp-json\/wp\/v2\/product\/10272","targetHints":{"allow":["GET"]}}],"collection":[{"href":"https:\/\/artzendecor.art\/fr\/wp-json\/wp\/v2\/product"}],"about":[{"href":"https:\/\/artzendecor.art\/fr\/wp-json\/wp\/v2\/types\/product"}],"replies":[{"embeddable":true,"href":"https:\/\/artzendecor.art\/fr\/wp-json\/wp\/v2\/comments?post=10272"}],"version-history":[{"count":0,"href":"https:\/\/artzendecor.art\/fr\/wp-json\/wp\/v2\/product\/10272\/revisions"}],"wp:featuredmedia":[{"embeddable":true,"href":"https:\/\/artzendecor.art\/fr\/wp-json\/wp\/v2\/media\/10442"}],"wp:attachment":[{"href":"https:\/\/artzendecor.art\/fr\/wp-json\/wp\/v2\/media?parent=10272"}],"wp:term":[{"taxonomy":"product_brand","embeddable":true,"href":"https:\/\/artzendecor.art\/fr\/wp-json\/wp\/v2\/product_brand?post=10272"},{"taxonomy":"product_cat","embeddable":true,"href":"https:\/\/artzendecor.art\/fr\/wp-json\/wp\/v2\/product_cat?post=10272"},{"taxonomy":"product_tag","embeddable":true,"href":"https:\/\/artzendecor.art\/fr\/wp-json\/wp\/v2\/product_tag?post=10272"}],"curies":[{"name":"wp","href":"https:\/\/api.w.org\/{rel}","templated":true}]}}