{"id":10915,"date":"2025-02-06T00:22:16","date_gmt":"2025-02-06T00:22:16","guid":{"rendered":"https:\/\/artzendecor.art\/?post_type=product&#038;p=10915"},"modified":"2025-02-11T21:06:01","modified_gmt":"2025-02-11T21:06:01","slug":"flora-haven-handcrafted-soy-candle-in-ceramic-turquoise-bowl","status":"publish","type":"product","link":"https:\/\/artzendecor.art\/fr\/collections\/flora-haven-handcrafted-soy-candle-in-ceramic-turquoise-bowl\/","title":{"rendered":"Flora Haven avec 1 m\u00e8che - Bougie de soja artisanale dans un bol en c\u00e9ramique turquoise"},"content":{"rendered":"","protected":false},"excerpt":{"rendered":"<p>Bougie Flora Haven \u2013 100% cire de soja, 790 g, 12 x 7 cm. Bol en c\u00e9ramique turquoise avec motifs floraux sculpt\u00e9s pour la d\u00e9coration, l&#039;ambiance et les cadeaux.<\/p>","protected":false},"featured_media":10917,"comment_status":"open","ping_status":"closed","template":"","meta":{"_acf_changed":false},"product_brand":[],"product_cat":[404],"product_tag":[],"class_list":{"0":"post-10915","1":"product","2":"type-product","3":"status-publish","4":"has-post-thumbnail","6":"product_cat-candles","8":"first","9":"instock","10":"shipping-taxable","11":"purchasable","12":"product-type-simple"},"acf":[],"_links":{"self":[{"href":"https:\/\/artzendecor.art\/fr\/wp-json\/wp\/v2\/product\/10915","targetHints":{"allow":["GET"]}}],"collection":[{"href":"https:\/\/artzendecor.art\/fr\/wp-json\/wp\/v2\/product"}],"about":[{"href":"https:\/\/artzendecor.art\/fr\/wp-json\/wp\/v2\/types\/product"}],"replies":[{"embeddable":true,"href":"https:\/\/artzendecor.art\/fr\/wp-json\/wp\/v2\/comments?post=10915"}],"version-history":[{"count":0,"href":"https:\/\/artzendecor.art\/fr\/wp-json\/wp\/v2\/product\/10915\/revisions"}],"wp:featuredmedia":[{"embeddable":true,"href":"https:\/\/artzendecor.art\/fr\/wp-json\/wp\/v2\/media\/10917"}],"wp:attachment":[{"href":"https:\/\/artzendecor.art\/fr\/wp-json\/wp\/v2\/media?parent=10915"}],"wp:term":[{"taxonomy":"product_brand","embeddable":true,"href":"https:\/\/artzendecor.art\/fr\/wp-json\/wp\/v2\/product_brand?post=10915"},{"taxonomy":"product_cat","embeddable":true,"href":"https:\/\/artzendecor.art\/fr\/wp-json\/wp\/v2\/product_cat?post=10915"},{"taxonomy":"product_tag","embeddable":true,"href":"https:\/\/artzendecor.art\/fr\/wp-json\/wp\/v2\/product_tag?post=10915"}],"curies":[{"name":"wp","href":"https:\/\/api.w.org\/{rel}","templated":true}]}}