{"id":11054,"date":"2025-02-07T11:16:55","date_gmt":"2025-02-07T11:16:55","guid":{"rendered":"https:\/\/artzendecor.art\/?post_type=product&#038;p=11054"},"modified":"2025-02-21T15:02:24","modified_gmt":"2025-02-21T15:02:24","slug":"eclipse-wave-handcrafted-organic-cement-bowl","status":"publish","type":"product","link":"https:\/\/artzendecor.art\/fr\/collections\/eclipse-wave-handcrafted-organic-cement-bowl\/","title":{"rendered":"Eclipse Wave \u2013 Bol en ciment gris organique fabriqu\u00e9 \u00e0 la main"},"content":{"rendered":"","protected":false},"excerpt":{"rendered":"<p>Bol Eclipse Wave \u2013 520 g, 19 x 6 cm. Ciment organique fabriqu\u00e9 \u00e0 la main avec des bords ondul\u00e9s pour la d\u00e9coration, le rangement ou un style minimaliste moderne.<\/p>","protected":false},"featured_media":11075,"comment_status":"open","ping_status":"closed","template":"","meta":{"_acf_changed":false},"product_brand":[],"product_cat":[404],"product_tag":[],"class_list":{"0":"post-11054","1":"product","2":"type-product","3":"status-publish","4":"has-post-thumbnail","6":"product_cat-candles","8":"first","9":"instock","10":"shipping-taxable","11":"purchasable","12":"product-type-simple"},"acf":[],"_links":{"self":[{"href":"https:\/\/artzendecor.art\/fr\/wp-json\/wp\/v2\/product\/11054","targetHints":{"allow":["GET"]}}],"collection":[{"href":"https:\/\/artzendecor.art\/fr\/wp-json\/wp\/v2\/product"}],"about":[{"href":"https:\/\/artzendecor.art\/fr\/wp-json\/wp\/v2\/types\/product"}],"replies":[{"embeddable":true,"href":"https:\/\/artzendecor.art\/fr\/wp-json\/wp\/v2\/comments?post=11054"}],"version-history":[{"count":1,"href":"https:\/\/artzendecor.art\/fr\/wp-json\/wp\/v2\/product\/11054\/revisions"}],"predecessor-version":[{"id":11932,"href":"https:\/\/artzendecor.art\/fr\/wp-json\/wp\/v2\/product\/11054\/revisions\/11932"}],"wp:featuredmedia":[{"embeddable":true,"href":"https:\/\/artzendecor.art\/fr\/wp-json\/wp\/v2\/media\/11075"}],"wp:attachment":[{"href":"https:\/\/artzendecor.art\/fr\/wp-json\/wp\/v2\/media?parent=11054"}],"wp:term":[{"taxonomy":"product_brand","embeddable":true,"href":"https:\/\/artzendecor.art\/fr\/wp-json\/wp\/v2\/product_brand?post=11054"},{"taxonomy":"product_cat","embeddable":true,"href":"https:\/\/artzendecor.art\/fr\/wp-json\/wp\/v2\/product_cat?post=11054"},{"taxonomy":"product_tag","embeddable":true,"href":"https:\/\/artzendecor.art\/fr\/wp-json\/wp\/v2\/product_tag?post=11054"}],"curies":[{"name":"wp","href":"https:\/\/api.w.org\/{rel}","templated":true}]}}