{"id":11136,"date":"2025-02-07T21:53:35","date_gmt":"2025-02-07T21:53:35","guid":{"rendered":"https:\/\/artzendecor.art\/?post_type=product&#038;p=11136"},"modified":"2025-02-18T08:20:11","modified_gmt":"2025-02-18T08:20:11","slug":"twist-ember-handcrafted-soy-candle","status":"publish","type":"product","link":"https:\/\/artzendecor.art\/fr\/collections\/twist-ember-handcrafted-soy-candle\/","title":{"rendered":"Twist Ember \u2013 Bougie de soja artisanale"},"content":{"rendered":"","protected":false},"excerpt":{"rendered":"<p class=\"p1\">Bougie Twist Ember \u2013 100% cire de soja, 900 g, 10 x 12 cm. Design tress\u00e9 sculptural pour une d\u00e9coration moderne, une ambiance et un cadeau \u00e9l\u00e9gant.<\/p>","protected":false},"featured_media":11144,"comment_status":"open","ping_status":"closed","template":"","meta":{"_acf_changed":false},"product_brand":[],"product_cat":[404],"product_tag":[],"class_list":{"0":"post-11136","1":"product","2":"type-product","3":"status-publish","4":"has-post-thumbnail","6":"product_cat-candles","8":"first","9":"instock","10":"shipping-taxable","11":"purchasable","12":"product-type-variable","13":"has-default-attributes"},"acf":[],"_links":{"self":[{"href":"https:\/\/artzendecor.art\/fr\/wp-json\/wp\/v2\/product\/11136","targetHints":{"allow":["GET"]}}],"collection":[{"href":"https:\/\/artzendecor.art\/fr\/wp-json\/wp\/v2\/product"}],"about":[{"href":"https:\/\/artzendecor.art\/fr\/wp-json\/wp\/v2\/types\/product"}],"replies":[{"embeddable":true,"href":"https:\/\/artzendecor.art\/fr\/wp-json\/wp\/v2\/comments?post=11136"}],"version-history":[{"count":0,"href":"https:\/\/artzendecor.art\/fr\/wp-json\/wp\/v2\/product\/11136\/revisions"}],"wp:featuredmedia":[{"embeddable":true,"href":"https:\/\/artzendecor.art\/fr\/wp-json\/wp\/v2\/media\/11144"}],"wp:attachment":[{"href":"https:\/\/artzendecor.art\/fr\/wp-json\/wp\/v2\/media?parent=11136"}],"wp:term":[{"taxonomy":"product_brand","embeddable":true,"href":"https:\/\/artzendecor.art\/fr\/wp-json\/wp\/v2\/product_brand?post=11136"},{"taxonomy":"product_cat","embeddable":true,"href":"https:\/\/artzendecor.art\/fr\/wp-json\/wp\/v2\/product_cat?post=11136"},{"taxonomy":"product_tag","embeddable":true,"href":"https:\/\/artzendecor.art\/fr\/wp-json\/wp\/v2\/product_tag?post=11136"}],"curies":[{"name":"wp","href":"https:\/\/api.w.org\/{rel}","templated":true}]}}