{"id":11163,"date":"2025-02-09T17:18:59","date_gmt":"2025-02-09T17:18:59","guid":{"rendered":"https:\/\/artzendecor.art\/?post_type=product&#038;p=11163"},"modified":"2025-02-11T20:21:37","modified_gmt":"2025-02-11T20:21:37","slug":"terra-essence-soy-wax-candle-in-handcrafted-organic-seagrey-cement-bowl","status":"publish","type":"product","link":"https:\/\/artzendecor.art\/fr\/collections\/terra-essence-soy-wax-candle-in-handcrafted-organic-seagrey-cement-bowl\/","title":{"rendered":"Bougie en cire de soja Terra Essence dans un bol en ciment SeaGrey biologique fabriqu\u00e9 \u00e0 la main"},"content":{"rendered":"","protected":false},"excerpt":{"rendered":"<p>Bougie Terra Essence \u2013 100% cire de soja, 525 g, 12 x 6 cm. Bol en ciment \u00e9cologique fabriqu\u00e9 \u00e0 partir de mat\u00e9riaux organiques pour la d\u00e9coration, l&#039;ambiance et la r\u00e9utilisation.<\/p>","protected":false},"featured_media":11186,"comment_status":"open","ping_status":"closed","template":"","meta":{"_acf_changed":false},"product_brand":[],"product_cat":[404],"product_tag":[],"class_list":{"0":"post-11163","1":"product","2":"type-product","3":"status-publish","4":"has-post-thumbnail","6":"product_cat-candles","8":"first","9":"instock","10":"shipping-taxable","11":"purchasable","12":"product-type-variable","13":"has-default-attributes"},"acf":[],"_links":{"self":[{"href":"https:\/\/artzendecor.art\/fr\/wp-json\/wp\/v2\/product\/11163","targetHints":{"allow":["GET"]}}],"collection":[{"href":"https:\/\/artzendecor.art\/fr\/wp-json\/wp\/v2\/product"}],"about":[{"href":"https:\/\/artzendecor.art\/fr\/wp-json\/wp\/v2\/types\/product"}],"replies":[{"embeddable":true,"href":"https:\/\/artzendecor.art\/fr\/wp-json\/wp\/v2\/comments?post=11163"}],"version-history":[{"count":0,"href":"https:\/\/artzendecor.art\/fr\/wp-json\/wp\/v2\/product\/11163\/revisions"}],"wp:featuredmedia":[{"embeddable":true,"href":"https:\/\/artzendecor.art\/fr\/wp-json\/wp\/v2\/media\/11186"}],"wp:attachment":[{"href":"https:\/\/artzendecor.art\/fr\/wp-json\/wp\/v2\/media?parent=11163"}],"wp:term":[{"taxonomy":"product_brand","embeddable":true,"href":"https:\/\/artzendecor.art\/fr\/wp-json\/wp\/v2\/product_brand?post=11163"},{"taxonomy":"product_cat","embeddable":true,"href":"https:\/\/artzendecor.art\/fr\/wp-json\/wp\/v2\/product_cat?post=11163"},{"taxonomy":"product_tag","embeddable":true,"href":"https:\/\/artzendecor.art\/fr\/wp-json\/wp\/v2\/product_tag?post=11163"}],"curies":[{"name":"wp","href":"https:\/\/api.w.org\/{rel}","templated":true}]}}