{"id":9605,"date":"2024-12-16T17:43:31","date_gmt":"2024-12-16T17:43:31","guid":{"rendered":"https:\/\/artzendecor.art\/?post_type=product&#038;p=9605"},"modified":"2025-03-04T22:30:43","modified_gmt":"2025-03-04T22:30:43","slug":"sculpted-butter-ceramic-vase","status":"publish","type":"product","link":"https:\/\/artzendecor.art\/fr\/collections\/sculpted-butter-ceramic-vase\/","title":{"rendered":"Vase en c\u00e9ramique sculpt\u00e9 au beurre"},"content":{"rendered":"","protected":false},"excerpt":{"rendered":"<div>Pr\u00e9sentation du vase \u00e0 beurre sculpt\u00e9, une pi\u00e8ce en c\u00e9ramique au design unique fabriqu\u00e9e au Portugal. Inspir\u00e9 par l&#039;\u00e9l\u00e9gance organique des formes sculpt\u00e9es, ce vase pr\u00e9sente une teinte douce et beurr\u00e9e et des plis textur\u00e9s qui \u00e9voquent un sentiment de beaut\u00e9 naturelle et de savoir-faire artisanal.<\/div>\n<div><\/div>","protected":false},"featured_media":9567,"comment_status":"open","ping_status":"closed","template":"","meta":{"_acf_changed":false},"product_brand":[],"product_cat":[403],"product_tag":[],"class_list":{"0":"post-9605","1":"product","2":"type-product","3":"status-publish","4":"has-post-thumbnail","6":"product_cat-vases","8":"first","9":"instock","10":"sale","11":"sold-individually","12":"shipping-taxable","13":"purchasable","14":"product-type-simple"},"acf":[],"_links":{"self":[{"href":"https:\/\/artzendecor.art\/fr\/wp-json\/wp\/v2\/product\/9605","targetHints":{"allow":["GET"]}}],"collection":[{"href":"https:\/\/artzendecor.art\/fr\/wp-json\/wp\/v2\/product"}],"about":[{"href":"https:\/\/artzendecor.art\/fr\/wp-json\/wp\/v2\/types\/product"}],"replies":[{"embeddable":true,"href":"https:\/\/artzendecor.art\/fr\/wp-json\/wp\/v2\/comments?post=9605"}],"version-history":[{"count":1,"href":"https:\/\/artzendecor.art\/fr\/wp-json\/wp\/v2\/product\/9605\/revisions"}],"predecessor-version":[{"id":11951,"href":"https:\/\/artzendecor.art\/fr\/wp-json\/wp\/v2\/product\/9605\/revisions\/11951"}],"wp:featuredmedia":[{"embeddable":true,"href":"https:\/\/artzendecor.art\/fr\/wp-json\/wp\/v2\/media\/9567"}],"wp:attachment":[{"href":"https:\/\/artzendecor.art\/fr\/wp-json\/wp\/v2\/media?parent=9605"}],"wp:term":[{"taxonomy":"product_brand","embeddable":true,"href":"https:\/\/artzendecor.art\/fr\/wp-json\/wp\/v2\/product_brand?post=9605"},{"taxonomy":"product_cat","embeddable":true,"href":"https:\/\/artzendecor.art\/fr\/wp-json\/wp\/v2\/product_cat?post=9605"},{"taxonomy":"product_tag","embeddable":true,"href":"https:\/\/artzendecor.art\/fr\/wp-json\/wp\/v2\/product_tag?post=9605"}],"curies":[{"name":"wp","href":"https:\/\/api.w.org\/{rel}","templated":true}]}}