{"id":9611,"date":"2024-12-16T18:22:32","date_gmt":"2024-12-16T18:22:32","guid":{"rendered":"https:\/\/artzendecor.art\/?post_type=product&#038;p=9611"},"modified":"2025-02-02T00:19:39","modified_gmt":"2025-02-02T00:19:39","slug":"glacier-texture-ceramic-vase","status":"publish","type":"product","link":"https:\/\/artzendecor.art\/fr\/collections\/glacier-texture-ceramic-vase\/","title":{"rendered":"Vase en c\u00e9ramique \u00e0 texture de glacier"},"content":{"rendered":"","protected":false},"excerpt":{"rendered":"<div>Le vase Glacier Texture est une superbe pi\u00e8ce en c\u00e9ramique fabriqu\u00e9e \u00e0 la main au Portugal, con\u00e7ue pour apporter la beaut\u00e9 sereine des textures naturelles dans votre maison. Avec sa finition mouchet\u00e9e saisissante et sa silhouette haute et \u00e9l\u00e9gante, ce vase refl\u00e8te l&#039;attrait brut des paysages glaciaires tout en ajoutant une touche contemporaine \u00e0 n&#039;importe quel espace.<\/div>\n<div><\/div>","protected":false},"featured_media":9569,"comment_status":"open","ping_status":"closed","template":"","meta":{"_acf_changed":false},"product_brand":[],"product_cat":[403],"product_tag":[],"class_list":{"0":"post-9611","1":"product","2":"type-product","3":"status-publish","4":"has-post-thumbnail","6":"product_cat-vases","8":"first","9":"instock","10":"sale","11":"shipping-taxable","12":"purchasable","13":"product-type-simple"},"acf":[],"_links":{"self":[{"href":"https:\/\/artzendecor.art\/fr\/wp-json\/wp\/v2\/product\/9611","targetHints":{"allow":["GET"]}}],"collection":[{"href":"https:\/\/artzendecor.art\/fr\/wp-json\/wp\/v2\/product"}],"about":[{"href":"https:\/\/artzendecor.art\/fr\/wp-json\/wp\/v2\/types\/product"}],"replies":[{"embeddable":true,"href":"https:\/\/artzendecor.art\/fr\/wp-json\/wp\/v2\/comments?post=9611"}],"version-history":[{"count":0,"href":"https:\/\/artzendecor.art\/fr\/wp-json\/wp\/v2\/product\/9611\/revisions"}],"wp:featuredmedia":[{"embeddable":true,"href":"https:\/\/artzendecor.art\/fr\/wp-json\/wp\/v2\/media\/9569"}],"wp:attachment":[{"href":"https:\/\/artzendecor.art\/fr\/wp-json\/wp\/v2\/media?parent=9611"}],"wp:term":[{"taxonomy":"product_brand","embeddable":true,"href":"https:\/\/artzendecor.art\/fr\/wp-json\/wp\/v2\/product_brand?post=9611"},{"taxonomy":"product_cat","embeddable":true,"href":"https:\/\/artzendecor.art\/fr\/wp-json\/wp\/v2\/product_cat?post=9611"},{"taxonomy":"product_tag","embeddable":true,"href":"https:\/\/artzendecor.art\/fr\/wp-json\/wp\/v2\/product_tag?post=9611"}],"curies":[{"name":"wp","href":"https:\/\/api.w.org\/{rel}","templated":true}]}}