{"id":10654,"date":"2025-02-02T23:35:31","date_gmt":"2025-02-02T23:35:31","guid":{"rendered":"https:\/\/artzendecor.art\/?post_type=product&#038;p=10654"},"modified":"2025-02-05T19:53:33","modified_gmt":"2025-02-05T19:53:33","slug":"twilight-swirl-set-handcrafted-set-of-3-soy-candles","status":"publish","type":"product","link":"https:\/\/artzendecor.art\/pt\/collections\/twilight-swirl-set-handcrafted-set-of-3-soy-candles\/","title":{"rendered":"Conjunto Twilight Swirl \u2013 Conjunto artesanal de 3 velas de soja"},"content":{"rendered":"","protected":false},"excerpt":{"rendered":"<p class=\"p1\">Conjunto de velas Twilight Swirl \u2013 cera de soja 100%, 170g e 80g. Design espiral elegante para decora\u00e7\u00e3o, cria\u00e7\u00e3o de ambiente e uma op\u00e7\u00e3o de presente refinada.<\/p>","protected":false},"featured_media":10655,"comment_status":"open","ping_status":"closed","template":"","meta":{"_acf_changed":false},"product_brand":[],"product_cat":[404],"product_tag":[],"class_list":{"0":"post-10654","1":"product","2":"type-product","3":"status-publish","4":"has-post-thumbnail","6":"product_cat-candles","8":"first","9":"instock","10":"shipping-taxable","11":"purchasable","12":"product-type-variable","13":"has-default-attributes"},"acf":[],"_links":{"self":[{"href":"https:\/\/artzendecor.art\/pt\/wp-json\/wp\/v2\/product\/10654","targetHints":{"allow":["GET"]}}],"collection":[{"href":"https:\/\/artzendecor.art\/pt\/wp-json\/wp\/v2\/product"}],"about":[{"href":"https:\/\/artzendecor.art\/pt\/wp-json\/wp\/v2\/types\/product"}],"replies":[{"embeddable":true,"href":"https:\/\/artzendecor.art\/pt\/wp-json\/wp\/v2\/comments?post=10654"}],"version-history":[{"count":0,"href":"https:\/\/artzendecor.art\/pt\/wp-json\/wp\/v2\/product\/10654\/revisions"}],"wp:featuredmedia":[{"embeddable":true,"href":"https:\/\/artzendecor.art\/pt\/wp-json\/wp\/v2\/media\/10655"}],"wp:attachment":[{"href":"https:\/\/artzendecor.art\/pt\/wp-json\/wp\/v2\/media?parent=10654"}],"wp:term":[{"taxonomy":"product_brand","embeddable":true,"href":"https:\/\/artzendecor.art\/pt\/wp-json\/wp\/v2\/product_brand?post=10654"},{"taxonomy":"product_cat","embeddable":true,"href":"https:\/\/artzendecor.art\/pt\/wp-json\/wp\/v2\/product_cat?post=10654"},{"taxonomy":"product_tag","embeddable":true,"href":"https:\/\/artzendecor.art\/pt\/wp-json\/wp\/v2\/product_tag?post=10654"}],"curies":[{"name":"wp","href":"https:\/\/api.w.org\/{rel}","templated":true}]}}