{"id":10667,"date":"2025-02-02T23:56:54","date_gmt":"2025-02-02T23:56:54","guid":{"rendered":"https:\/\/artzendecor.art\/?post_type=product&#038;p=10667"},"modified":"2025-02-11T21:02:07","modified_gmt":"2025-02-11T21:02:07","slug":"celestial-echo-handcrafted-soy-candle","status":"publish","type":"product","link":"https:\/\/artzendecor.art\/pt\/collections\/celestial-echo-handcrafted-soy-candle\/","title":{"rendered":"Celestial Echo \u2013 Vela de Soja Artesanal"},"content":{"rendered":"","protected":false},"excerpt":{"rendered":"<p class=\"p1\">Vela Celestial Echo \u2013 100% cera de soja, 160g, 6\u00d78cm. Design de onda escultural para decora\u00e7\u00e3o moderna, relaxamento e presentes elegantes.<\/p>","protected":false},"featured_media":10670,"comment_status":"open","ping_status":"closed","template":"","meta":{"_acf_changed":false},"product_brand":[],"product_cat":[404],"product_tag":[],"class_list":{"0":"post-10667","1":"product","2":"type-product","3":"status-publish","4":"has-post-thumbnail","6":"product_cat-candles","8":"first","9":"instock","10":"sale","11":"shipping-taxable","12":"purchasable","13":"product-type-variable","14":"has-default-attributes"},"acf":[],"_links":{"self":[{"href":"https:\/\/artzendecor.art\/pt\/wp-json\/wp\/v2\/product\/10667","targetHints":{"allow":["GET"]}}],"collection":[{"href":"https:\/\/artzendecor.art\/pt\/wp-json\/wp\/v2\/product"}],"about":[{"href":"https:\/\/artzendecor.art\/pt\/wp-json\/wp\/v2\/types\/product"}],"replies":[{"embeddable":true,"href":"https:\/\/artzendecor.art\/pt\/wp-json\/wp\/v2\/comments?post=10667"}],"version-history":[{"count":0,"href":"https:\/\/artzendecor.art\/pt\/wp-json\/wp\/v2\/product\/10667\/revisions"}],"wp:featuredmedia":[{"embeddable":true,"href":"https:\/\/artzendecor.art\/pt\/wp-json\/wp\/v2\/media\/10670"}],"wp:attachment":[{"href":"https:\/\/artzendecor.art\/pt\/wp-json\/wp\/v2\/media?parent=10667"}],"wp:term":[{"taxonomy":"product_brand","embeddable":true,"href":"https:\/\/artzendecor.art\/pt\/wp-json\/wp\/v2\/product_brand?post=10667"},{"taxonomy":"product_cat","embeddable":true,"href":"https:\/\/artzendecor.art\/pt\/wp-json\/wp\/v2\/product_cat?post=10667"},{"taxonomy":"product_tag","embeddable":true,"href":"https:\/\/artzendecor.art\/pt\/wp-json\/wp\/v2\/product_tag?post=10667"}],"curies":[{"name":"wp","href":"https:\/\/api.w.org\/{rel}","templated":true}]}}