{"id":10921,"date":"2025-02-06T16:00:04","date_gmt":"2025-02-06T16:00:04","guid":{"rendered":"https:\/\/artzendecor.art\/?post_type=product&#038;p=10921"},"modified":"2025-02-17T22:35:33","modified_gmt":"2025-02-17T22:35:33","slug":"flora-haven-2-vs-handcrafted-soy-candle-in-ceramic-turquoise-bowl","status":"publish","type":"product","link":"https:\/\/artzendecor.art\/pt\/collections\/flora-haven-2-vs-handcrafted-soy-candle-in-ceramic-turquoise-bowl\/","title":{"rendered":"Flora Haven com 3 pavios \u2013 Vela de soja artesanal em recipiente de cer\u00e2mica turquesa."},"content":{"rendered":"","protected":false},"excerpt":{"rendered":"<p>Vela Flora Haven \u2013 100% cera de soja, 790g, 12\u00d77cm. Tigela de cer\u00e2mica turquesa com florais esculpidos para decora\u00e7\u00e3o, ambienta\u00e7\u00e3o e presentes.<\/p>","protected":false},"featured_media":10985,"comment_status":"open","ping_status":"closed","template":"","meta":{"_acf_changed":false},"product_brand":[],"product_cat":[404],"product_tag":[],"class_list":{"0":"post-10921","1":"product","2":"type-product","3":"status-publish","4":"has-post-thumbnail","6":"product_cat-candles","8":"first","9":"instock","10":"shipping-taxable","11":"purchasable","12":"product-type-simple"},"acf":[],"_links":{"self":[{"href":"https:\/\/artzendecor.art\/pt\/wp-json\/wp\/v2\/product\/10921","targetHints":{"allow":["GET"]}}],"collection":[{"href":"https:\/\/artzendecor.art\/pt\/wp-json\/wp\/v2\/product"}],"about":[{"href":"https:\/\/artzendecor.art\/pt\/wp-json\/wp\/v2\/types\/product"}],"replies":[{"embeddable":true,"href":"https:\/\/artzendecor.art\/pt\/wp-json\/wp\/v2\/comments?post=10921"}],"version-history":[{"count":1,"href":"https:\/\/artzendecor.art\/pt\/wp-json\/wp\/v2\/product\/10921\/revisions"}],"predecessor-version":[{"id":11617,"href":"https:\/\/artzendecor.art\/pt\/wp-json\/wp\/v2\/product\/10921\/revisions\/11617"}],"wp:featuredmedia":[{"embeddable":true,"href":"https:\/\/artzendecor.art\/pt\/wp-json\/wp\/v2\/media\/10985"}],"wp:attachment":[{"href":"https:\/\/artzendecor.art\/pt\/wp-json\/wp\/v2\/media?parent=10921"}],"wp:term":[{"taxonomy":"product_brand","embeddable":true,"href":"https:\/\/artzendecor.art\/pt\/wp-json\/wp\/v2\/product_brand?post=10921"},{"taxonomy":"product_cat","embeddable":true,"href":"https:\/\/artzendecor.art\/pt\/wp-json\/wp\/v2\/product_cat?post=10921"},{"taxonomy":"product_tag","embeddable":true,"href":"https:\/\/artzendecor.art\/pt\/wp-json\/wp\/v2\/product_tag?post=10921"}],"curies":[{"name":"wp","href":"https:\/\/api.w.org\/{rel}","templated":true}]}}