{"id":11383,"date":"2025-02-14T00:02:19","date_gmt":"2025-02-14T00:02:19","guid":{"rendered":"https:\/\/artzendecor.art\/?post_type=product&#038;p=11383"},"modified":"2025-02-17T21:54:27","modified_gmt":"2025-02-17T21:54:27","slug":"obsidian-raw-haven-soy-wax-candle-in-handcrafted-organic-grey-cement","status":"publish","type":"product","link":"https:\/\/artzendecor.art\/pt\/collections\/obsidian-raw-haven-soy-wax-candle-in-handcrafted-organic-grey-cement\/","title":{"rendered":"Vela de cera de soja Obsidian Raw Haven em cimento cinza org\u00e2nico feito \u00e0 m\u00e3o"},"content":{"rendered":"","protected":false},"excerpt":{"rendered":"<p>Vela Obsidian Haven \u2013 100% cera de soja, 980g, 10\u00d79cm. Cimento org\u00e2nico com tampa para decora\u00e7\u00e3o moderna, ambiente e reutiliza\u00e7\u00e3o sustent\u00e1vel.<\/p>","protected":false},"featured_media":11407,"comment_status":"open","ping_status":"closed","template":"","meta":{"_acf_changed":false},"product_brand":[],"product_cat":[404],"product_tag":[],"class_list":{"0":"post-11383","1":"product","2":"type-product","3":"status-publish","4":"has-post-thumbnail","6":"product_cat-candles","8":"first","9":"instock","10":"shipping-taxable","11":"purchasable","12":"product-type-variable","13":"has-default-attributes"},"acf":[],"_links":{"self":[{"href":"https:\/\/artzendecor.art\/pt\/wp-json\/wp\/v2\/product\/11383","targetHints":{"allow":["GET"]}}],"collection":[{"href":"https:\/\/artzendecor.art\/pt\/wp-json\/wp\/v2\/product"}],"about":[{"href":"https:\/\/artzendecor.art\/pt\/wp-json\/wp\/v2\/types\/product"}],"replies":[{"embeddable":true,"href":"https:\/\/artzendecor.art\/pt\/wp-json\/wp\/v2\/comments?post=11383"}],"version-history":[{"count":1,"href":"https:\/\/artzendecor.art\/pt\/wp-json\/wp\/v2\/product\/11383\/revisions"}],"predecessor-version":[{"id":11609,"href":"https:\/\/artzendecor.art\/pt\/wp-json\/wp\/v2\/product\/11383\/revisions\/11609"}],"wp:featuredmedia":[{"embeddable":true,"href":"https:\/\/artzendecor.art\/pt\/wp-json\/wp\/v2\/media\/11407"}],"wp:attachment":[{"href":"https:\/\/artzendecor.art\/pt\/wp-json\/wp\/v2\/media?parent=11383"}],"wp:term":[{"taxonomy":"product_brand","embeddable":true,"href":"https:\/\/artzendecor.art\/pt\/wp-json\/wp\/v2\/product_brand?post=11383"},{"taxonomy":"product_cat","embeddable":true,"href":"https:\/\/artzendecor.art\/pt\/wp-json\/wp\/v2\/product_cat?post=11383"},{"taxonomy":"product_tag","embeddable":true,"href":"https:\/\/artzendecor.art\/pt\/wp-json\/wp\/v2\/product_tag?post=11383"}],"curies":[{"name":"wp","href":"https:\/\/api.w.org\/{rel}","templated":true}]}}