{"id":9608,"date":"2024-12-16T18:10:16","date_gmt":"2024-12-16T18:10:16","guid":{"rendered":"https:\/\/artzendecor.art\/?post_type=product&#038;p=9608"},"modified":"2025-03-04T22:32:41","modified_gmt":"2025-03-04T22:32:41","slug":"ivory-wave-ceramic-vase","status":"publish","type":"product","link":"https:\/\/artzendecor.art\/pt\/collections\/ivory-wave-ceramic-vase\/","title":{"rendered":"Vaso de cer\u00e2mica Ivory Wave"},"content":{"rendered":"","protected":false},"excerpt":{"rendered":"<div>O Vaso Ivory Wave \u00e9 uma linda pe\u00e7a de cer\u00e2mica feita \u00e0 m\u00e3o de Portugal, projetada para trazer eleg\u00e2ncia discreta e charme art\u00edstico ao seu espa\u00e7o.<\/div>","protected":false},"featured_media":9555,"comment_status":"open","ping_status":"closed","template":"","meta":{"_acf_changed":false},"product_brand":[],"product_cat":[403],"product_tag":[],"class_list":{"0":"post-9608","1":"product","2":"type-product","3":"status-publish","4":"has-post-thumbnail","6":"product_cat-vases","8":"first","9":"instock","10":"sale","11":"sold-individually","12":"shipping-taxable","13":"purchasable","14":"product-type-simple"},"acf":[],"_links":{"self":[{"href":"https:\/\/artzendecor.art\/pt\/wp-json\/wp\/v2\/product\/9608","targetHints":{"allow":["GET"]}}],"collection":[{"href":"https:\/\/artzendecor.art\/pt\/wp-json\/wp\/v2\/product"}],"about":[{"href":"https:\/\/artzendecor.art\/pt\/wp-json\/wp\/v2\/types\/product"}],"replies":[{"embeddable":true,"href":"https:\/\/artzendecor.art\/pt\/wp-json\/wp\/v2\/comments?post=9608"}],"version-history":[{"count":1,"href":"https:\/\/artzendecor.art\/pt\/wp-json\/wp\/v2\/product\/9608\/revisions"}],"predecessor-version":[{"id":11952,"href":"https:\/\/artzendecor.art\/pt\/wp-json\/wp\/v2\/product\/9608\/revisions\/11952"}],"wp:featuredmedia":[{"embeddable":true,"href":"https:\/\/artzendecor.art\/pt\/wp-json\/wp\/v2\/media\/9555"}],"wp:attachment":[{"href":"https:\/\/artzendecor.art\/pt\/wp-json\/wp\/v2\/media?parent=9608"}],"wp:term":[{"taxonomy":"product_brand","embeddable":true,"href":"https:\/\/artzendecor.art\/pt\/wp-json\/wp\/v2\/product_brand?post=9608"},{"taxonomy":"product_cat","embeddable":true,"href":"https:\/\/artzendecor.art\/pt\/wp-json\/wp\/v2\/product_cat?post=9608"},{"taxonomy":"product_tag","embeddable":true,"href":"https:\/\/artzendecor.art\/pt\/wp-json\/wp\/v2\/product_tag?post=9608"}],"curies":[{"name":"wp","href":"https:\/\/api.w.org\/{rel}","templated":true}]}}