{"id":9611,"date":"2024-12-16T18:22:32","date_gmt":"2024-12-16T18:22:32","guid":{"rendered":"https:\/\/artzendecor.art\/?post_type=product&#038;p=9611"},"modified":"2025-02-02T00:19:39","modified_gmt":"2025-02-02T00:19:39","slug":"glacier-texture-ceramic-vase","status":"publish","type":"product","link":"https:\/\/artzendecor.art\/pt\/collections\/glacier-texture-ceramic-vase\/","title":{"rendered":"Vaso de cer\u00e2mica com textura de geleira"},"content":{"rendered":"","protected":false},"excerpt":{"rendered":"<div>O Vaso Glacier Texture \u00e9 uma pe\u00e7a de cer\u00e2mica deslumbrante feita \u00e0 m\u00e3o em Portugal, projetada para trazer a beleza serena das texturas naturais para sua casa. Com seu acabamento salpicado marcante e silhueta alta e elegante, este vaso reflete o fasc\u00ednio cru das paisagens glaciais, ao mesmo tempo em que adiciona um toque contempor\u00e2neo a qualquer espa\u00e7o.<\/div>\n<div><\/div>","protected":false},"featured_media":9569,"comment_status":"open","ping_status":"closed","template":"","meta":{"_acf_changed":false},"product_brand":[],"product_cat":[403],"product_tag":[],"class_list":{"0":"post-9611","1":"product","2":"type-product","3":"status-publish","4":"has-post-thumbnail","6":"product_cat-vases","8":"first","9":"instock","10":"sale","11":"shipping-taxable","12":"purchasable","13":"product-type-simple"},"acf":[],"_links":{"self":[{"href":"https:\/\/artzendecor.art\/pt\/wp-json\/wp\/v2\/product\/9611","targetHints":{"allow":["GET"]}}],"collection":[{"href":"https:\/\/artzendecor.art\/pt\/wp-json\/wp\/v2\/product"}],"about":[{"href":"https:\/\/artzendecor.art\/pt\/wp-json\/wp\/v2\/types\/product"}],"replies":[{"embeddable":true,"href":"https:\/\/artzendecor.art\/pt\/wp-json\/wp\/v2\/comments?post=9611"}],"version-history":[{"count":0,"href":"https:\/\/artzendecor.art\/pt\/wp-json\/wp\/v2\/product\/9611\/revisions"}],"wp:featuredmedia":[{"embeddable":true,"href":"https:\/\/artzendecor.art\/pt\/wp-json\/wp\/v2\/media\/9569"}],"wp:attachment":[{"href":"https:\/\/artzendecor.art\/pt\/wp-json\/wp\/v2\/media?parent=9611"}],"wp:term":[{"taxonomy":"product_brand","embeddable":true,"href":"https:\/\/artzendecor.art\/pt\/wp-json\/wp\/v2\/product_brand?post=9611"},{"taxonomy":"product_cat","embeddable":true,"href":"https:\/\/artzendecor.art\/pt\/wp-json\/wp\/v2\/product_cat?post=9611"},{"taxonomy":"product_tag","embeddable":true,"href":"https:\/\/artzendecor.art\/pt\/wp-json\/wp\/v2\/product_tag?post=9611"}],"curies":[{"name":"wp","href":"https:\/\/api.w.org\/{rel}","templated":true}]}}